{"id":1177,"date":"2012-09-06T14:08:13","date_gmt":"2012-09-06T13:08:13","guid":{"rendered":"http:\/\/aipe.charial.free.fr\/?page_id=1177"},"modified":"2025-11-25T15:02:32","modified_gmt":"2025-11-25T14:02:32","slug":"les-guides-pratiques-des-parents-mon-enfant-a-lecole","status":"publish","type":"page","link":"https:\/\/aipecharial.fr\/?page_id=1177","title":{"rendered":"Les guides pratiques des parents: Mon enfant \u00e0 l&rsquo;\u00e9cole"},"content":{"rendered":"<p><strong>\u00c0 l\u2019\u00e9cole maternelle, votre enfant va progressivement apprendre \u00e0 vivre en groupe, \u00e0 communiquer avec les adultes et les autres enfants et \u00e0 d\u00e9couvrir le monde qui l\u2019entoure.<\/strong><\/p>\n<ul>\n<li>&#8211; Comment est organis\u00e9e sa scolarit\u00e9 ?<\/li>\n<li>&#8211; Que doit-il apprendre ?<\/li>\n<li>&#8211; Comment un enfant est-il aid\u00e9 en cas de difficult\u00e9 ?<\/li>\n<li>&#8211; Quels sont vos droits et vos devoirs de parents ?<\/li>\n<li>&#8211; Qui seront vos interlocuteurs ?<\/li>\n<\/ul>\n<p style=\"text-align: center;\"><span style=\"text-decoration: underline;\"><strong><a title=\"Feuilleter le guide maternelle\" href=\"https:\/\/www.education.gouv.fr\/l-ecole-maternelle-11534\" target=\"_blank\" rel=\"noopener\">Feuilleter le guide maternelle<\/a><\/strong><\/span><\/p>\n<p><strong>\u00c0 l\u2019\u00e9cole \u00e9l\u00e9mentaire, votre enfant doit acqu\u00e9rir les connaissances et comp\u00e9tences essentielles \u00e0 la poursuite de ses \u00e9tudes.<\/strong><\/p>\n<ul>\n<li>&#8211; Comment est organis\u00e9e sa scolarit\u00e9 ?<\/li>\n<li>&#8211; Que doit-il apprendre ?<\/li>\n<li>&#8211; Comment un enfant est-il aid\u00e9 en cas de difficult\u00e9 ?<\/li>\n<li>&#8211; Quels sont vos droits et vos devoirs de parents ?<\/li>\n<li>&#8211; Qui seront vos interlocuteurs ?<\/li>\n<\/ul>\n","protected":false},"excerpt":{"rendered":"<p>\u00c0 l\u2019\u00e9cole maternelle, votre enfant va progressivement apprendre \u00e0 vivre en groupe, \u00e0 communiquer avec les adultes et les autres enfants et \u00e0 d\u00e9couvrir le&#8230;<\/p>\n<div class=\"more-link-wrapper\"><a class=\"more-link\" href=\"https:\/\/aipecharial.fr\/?page_id=1177\">Suite<span class=\"screen-reader-text\">Les guides pratiques des parents: Mon enfant \u00e0 l&rsquo;\u00e9cole<\/span><\/a><\/div>\n","protected":false},"author":9,"featured_media":0,"parent":0,"menu_order":0,"comment_status":"open","ping_status":"open","template":"","meta":{"footnotes":""},"class_list":["post-1177","page","type-page","status-publish","hentry","entry"],"_links":{"self":[{"href":"https:\/\/aipecharial.fr\/index.php?rest_route=\/wp\/v2\/pages\/1177","targetHints":{"allow":["GET"]}}],"collection":[{"href":"https:\/\/aipecharial.fr\/index.php?rest_route=\/wp\/v2\/pages"}],"about":[{"href":"https:\/\/aipecharial.fr\/index.php?rest_route=\/wp\/v2\/types\/page"}],"author":[{"embeddable":true,"href":"https:\/\/aipecharial.fr\/index.php?rest_route=\/wp\/v2\/users\/9"}],"replies":[{"embeddable":true,"href":"https:\/\/aipecharial.fr\/index.php?rest_route=%2Fwp%2Fv2%2Fcomments&post=1177"}],"version-history":[{"count":6,"href":"https:\/\/aipecharial.fr\/index.php?rest_route=\/wp\/v2\/pages\/1177\/revisions"}],"predecessor-version":[{"id":6597,"href":"https:\/\/aipecharial.fr\/index.php?rest_route=\/wp\/v2\/pages\/1177\/revisions\/6597"}],"wp:attachment":[{"href":"https:\/\/aipecharial.fr\/index.php?rest_route=%2Fwp%2Fv2%2Fmedia&parent=1177"}],"curies":[{"name":"wp","href":"https:\/\/api.w.org\/{rel}","templated":true}]}}