{"id":2641,"date":"2016-09-05T14:55:36","date_gmt":"2016-09-05T13:55:36","guid":{"rendered":"http:\/\/aipe.charial.free.fr\/?page_id=25"},"modified":"2025-11-25T10:02:59","modified_gmt":"2025-11-25T09:02:59","slug":"organigramme","status":"publish","type":"page","link":"https:\/\/aipecharial.fr\/?page_id=2641","title":{"rendered":"Bureau"},"content":{"rendered":"<h2 style=\"text-align: center;\">PR\u00c9SIDENTE<\/h2>\n<p style=\"text-align: center;\">Violaine PEROTTO<\/p>\n<h2 style=\"text-align: center;\">VICE PR\u00c9SIDENTE<\/h2>\n<p style=\"text-align: center;\">Juliette VINCENT<\/p>\n<h2 style=\"text-align: center;\">SECR\u00c9TAIRE<\/h2>\n<p style=\"text-align: center;\">Xavier MEUNIER<\/p>\n<h2 style=\"text-align: center;\">SECR\u00c9TAIRE ADJOINT<\/h2>\n<p style=\"text-align: center;\">Simon BRENET<\/p>\n<h2 style=\"text-align: center;\">TR\u00c9SORI\u00c8RE<\/h2>\n<p style=\"text-align: center;\">Charlotte GALZY<\/p>\n<h2 style=\"text-align: center;\">TR\u00c9SORI\u00c8RE ADJOINTE<\/h2>\n<p style=\"text-align: center;\">Marie BOUVET<\/p>\n<p style=\"text-align: left;\">\n","protected":false},"excerpt":{"rendered":"<p>PR\u00c9SIDENTE Violaine PEROTTO VICE PR\u00c9SIDENTE Juliette VINCENT SECR\u00c9TAIRE Xavier MEUNIER SECR\u00c9TAIRE ADJOINT Simon BRENET TR\u00c9SORI\u00c8RE Charlotte GALZY TR\u00c9SORI\u00c8RE ADJOINTE Marie BOUVET<\/p>\n","protected":false},"author":9,"featured_media":0,"parent":0,"menu_order":0,"comment_status":"closed","ping_status":"closed","template":"","meta":{"footnotes":""},"class_list":["post-2641","page","type-page","status-publish","hentry","entry"],"_links":{"self":[{"href":"https:\/\/aipecharial.fr\/index.php?rest_route=\/wp\/v2\/pages\/2641","targetHints":{"allow":["GET"]}}],"collection":[{"href":"https:\/\/aipecharial.fr\/index.php?rest_route=\/wp\/v2\/pages"}],"about":[{"href":"https:\/\/aipecharial.fr\/index.php?rest_route=\/wp\/v2\/types\/page"}],"author":[{"embeddable":true,"href":"https:\/\/aipecharial.fr\/index.php?rest_route=\/wp\/v2\/users\/9"}],"replies":[{"embeddable":true,"href":"https:\/\/aipecharial.fr\/index.php?rest_route=%2Fwp%2Fv2%2Fcomments&post=2641"}],"version-history":[{"count":15,"href":"https:\/\/aipecharial.fr\/index.php?rest_route=\/wp\/v2\/pages\/2641\/revisions"}],"predecessor-version":[{"id":6579,"href":"https:\/\/aipecharial.fr\/index.php?rest_route=\/wp\/v2\/pages\/2641\/revisions\/6579"}],"wp:attachment":[{"href":"https:\/\/aipecharial.fr\/index.php?rest_route=%2Fwp%2Fv2%2Fmedia&parent=2641"}],"curies":[{"name":"wp","href":"https:\/\/api.w.org\/{rel}","templated":true}]}}