{"id":29,"date":"2018-09-03T20:45:41","date_gmt":"2018-09-03T18:45:41","guid":{"rendered":"http:\/\/aipecharial.fr\/?page_id=29"},"modified":"2025-11-25T10:17:41","modified_gmt":"2025-11-25T09:17:41","slug":"ecole-maternelle","status":"publish","type":"page","link":"https:\/\/aipecharial.fr\/?page_id=29","title":{"rendered":"Ecole maternelle"},"content":{"rendered":"<p><span style=\"text-decoration: underline;\">Directrice de l\u2019\u00e9cole<\/span>\u00a0:<strong> Mme Virginie Jauneau<\/strong><\/p>\n<ul id=\"bul-22e59c32-45d5-3309-0100-4eb6732fd859\" class=\"wpse-bullet wpsebul-wpse-bullet wpsebul-checkmark\" data-font-size=\"17\" data-color=\"\" data-line-height=\"\" data-margin=\"3\" data-padding=\"7\" data-classes=\"wpse-bullet wpsebul-checkmark\" data-text-size=\"\">\n<li>e- mail : <span class=\"gI\"><span class=\"qu\" tabindex=\"-1\" role=\"gridcell\" translate=\"no\"><span class=\"go\">ce.0691060c@ac-lyon.fr<\/span><\/span><\/span><\/li>\n<li>T\u00e9l\u00e9phone\u00a0: 04 78 53 75 24<\/li>\n<\/ul>\n<p><span style=\"font-size: 12px;\"><em>Mme Jauneau ne prend en charge aucun temps p\u00e9riscolaire. Pour ces temps (cantine, garderie, p\u00e9riscolaire du soir&#8230;), contacter selon la situation : <\/em><\/span><\/p>\n<p><span style=\"text-decoration: underline;\">Directrice du p\u00e9riscolaire<\/span>\u00a0: <strong>Mme Nahima Bengheziba<br \/>\n<\/strong><\/p>\n<p><span style=\"font-size: 13px;\"><em>Responsabilit\u00e9 des temps p\u00e9riscolaires : temps du midi (12h-14h05), du temps p\u00e9riscolaire PEPs du soir (de 16h45 \u00e0 \u00e0 18h30). Sur la pause m\u00e9ridienne aucun enfant ne pourra \u00eatre r\u00e9cup\u00e9r\u00e9 si celui-ci est inscrit et dont la directrice du p\u00e9riscolaire ne sera pas pr\u00e9venue sous 48h. Une fois le portail ferm\u00e9 \u00e0 16h45 celui-ci r\u00e9ouvrira \u00e0 la prochaine ouverture \u00e0 17h45.<\/em><\/span><\/p>\n<ul id=\"bul-1dc4b069-937c-5fc0-2ff0-9db05ff0d1d2\" class=\"wpse-bullet wpsebul-wpse-bullet wpsebul-checkmark\" data-font-size=\"17\" data-color=\"\" data-line-height=\"\" data-margin=\"3\" data-padding=\"7\" data-classes=\"wpse-bullet wpsebul-checkmark\" data-text-size=\"\">\n<li>e-mail : charial.maternelle@ufcv.fr (d\u00e9lai de r\u00e9ponse sous 48h)<\/li>\n<li>T\u00e9l\u00e9phone: 07 66 19 18 16 Les Lundis, Mardis, Jeudis et Vendredis de 10h45 \u00e0 14h05 et de 15h30 \u00e0 18h (Merci de privil\u00e9gier les textos)<br \/>\nSite de la ville de Lyon : <strong><a href=\"https:\/\/www.lyon.fr\/enfance-et-education\/leducation\/les-temps-daccueil-periscolaires\" target=\"_blank\" rel=\"noopener\">PEPs &#8211; Temps P\u00e9riscolaire Lyon 2024-2025<\/a><\/strong><\/li>\n<\/ul>\n<p><span style=\"text-decoration: underline;\">R\u00e9f\u00e9rente de co\u00e9ducation de proximit\u00e9 (gestion administrative des temps du matin, de la cantine et du soir)\u00a0<\/span> : <strong>Mme Perronno<\/strong><strong><br \/>\n<\/strong><\/p>\n<p><span style=\"font-size: 13px;\"><em>Pour toutes inscriptions ou annulations de repas de cantine. Pour les renseignements et annulations concernant les garderies du matin. Pour les inscriptions ou annulations du temps p\u00e9riscolaire du soir PEPs. Veuillez-vous adresser \u00e0 Mme Lagadec uniquement \u00e0 l&rsquo;adresse suivante<br \/>\n<\/em><\/span><\/p>\n<ul id=\"bul-0d7a9a3b-5113-510e-1048-8b7cb97153cf\" class=\"wpse-bullet wpsebul-wpse-bullet wpsebul-checkmark\" data-font-size=\"17\" data-color=\"\" data-line-height=\"\" data-margin=\"3\" data-padding=\"7\" data-classes=\"wpse-bullet wpsebul-checkmark\" data-text-size=\"\">\n<li>e-mail\u00a0: <span class=\"gI\"><span class=\"qu\" tabindex=\"-1\" role=\"gridcell\" translate=\"no\"><span class=\"go\">mat3.RCPcharial@mairie-lyon.fr<\/span><\/span><\/span><\/li>\n<li>R\u00e8glement int\u00e9rieur de l&rsquo;\u00e9cole maternelle pour l&rsquo;ann\u00e9e 2024 &#8211; 2025 : <a href=\"https:\/\/aipecharial.fr\/wp-content\/uploads\/2025\/11\/2025-2026-REGLEMENT-maj-sept-2025.pdf\">2025 2026 REGLEMENT (maj sept 2025)<\/a><\/li>\n<\/ul>\n<div id=\"style-bul-22e59c32-45d5-3309-0100-4eb6732fd859\">\u00a0<\/p>\n<style class=\"style-bul\"><!-- #bul-22e59c32-45d5-3309-0100-4eb6732fd859 li {font-size: px;} #bul-22e59c32-45d5-3309-0100-4eb6732fd859 li:before {font-size: 17px;color: ;line-height: px;margin: 3px;padding: 7px;classes: wpse-bullet wpsebul-checkmark;} --><\/style>\n<\/div>\n<div id=\"style-bul-1dc4b069-937c-5fc0-2ff0-9db05ff0d1d2\">\n<style class=\"style-bul\"><!-- #bul-1dc4b069-937c-5fc0-2ff0-9db05ff0d1d2 li {font-size: px;} #bul-1dc4b069-937c-5fc0-2ff0-9db05ff0d1d2 li:before {font-size: 17px;color: ;line-height: px;margin: 3px;padding: 7px;classes: wpse-bullet wpsebul-checkmark;} --><\/style>\n<\/div>\n<div id=\"style-bul-0d7a9a3b-5113-510e-1048-8b7cb97153cf\">\n<style class=\"style-bul\"><!-- #bul-0d7a9a3b-5113-510e-1048-8b7cb97153cf li {font-size: px;} #bul-0d7a9a3b-5113-510e-1048-8b7cb97153cf li:before {font-size: 17px;color: ;line-height: px;margin: 3px;padding: 7px;classes: wpse-bullet wpsebul-checkmark;} --><\/style>\n<\/div>\n","protected":false},"excerpt":{"rendered":"<p>Directrice de l\u2019\u00e9cole\u00a0: Mme Virginie Jauneau e- mail : ce.0691060c@ac-lyon.fr T\u00e9l\u00e9phone\u00a0: 04 78 53 75 24 Mme Jauneau ne prend en charge aucun temps p\u00e9riscolaire.&#8230;<\/p>\n<div class=\"more-link-wrapper\"><a class=\"more-link\" href=\"https:\/\/aipecharial.fr\/?page_id=29\">Suite<span class=\"screen-reader-text\">Ecole maternelle<\/span><\/a><\/div>\n","protected":false},"author":9,"featured_media":0,"parent":0,"menu_order":0,"comment_status":"closed","ping_status":"closed","template":"","meta":{"footnotes":""},"class_list":["post-29","page","type-page","status-publish","hentry","entry"],"_links":{"self":[{"href":"https:\/\/aipecharial.fr\/index.php?rest_route=\/wp\/v2\/pages\/29","targetHints":{"allow":["GET"]}}],"collection":[{"href":"https:\/\/aipecharial.fr\/index.php?rest_route=\/wp\/v2\/pages"}],"about":[{"href":"https:\/\/aipecharial.fr\/index.php?rest_route=\/wp\/v2\/types\/page"}],"author":[{"embeddable":true,"href":"https:\/\/aipecharial.fr\/index.php?rest_route=\/wp\/v2\/users\/9"}],"replies":[{"embeddable":true,"href":"https:\/\/aipecharial.fr\/index.php?rest_route=%2Fwp%2Fv2%2Fcomments&post=29"}],"version-history":[{"count":31,"href":"https:\/\/aipecharial.fr\/index.php?rest_route=\/wp\/v2\/pages\/29\/revisions"}],"predecessor-version":[{"id":6588,"href":"https:\/\/aipecharial.fr\/index.php?rest_route=\/wp\/v2\/pages\/29\/revisions\/6588"}],"wp:attachment":[{"href":"https:\/\/aipecharial.fr\/index.php?rest_route=%2Fwp%2Fv2%2Fmedia&parent=29"}],"curies":[{"name":"wp","href":"https:\/\/api.w.org\/{rel}","templated":true}]}}