{"id":31,"date":"2018-09-03T20:46:32","date_gmt":"2018-09-03T18:46:32","guid":{"rendered":"http:\/\/aipecharial.fr\/?page_id=31"},"modified":"2025-11-25T10:12:58","modified_gmt":"2025-11-25T09:12:58","slug":"ecole-elementaire","status":"publish","type":"page","link":"https:\/\/aipecharial.fr\/?page_id=31","title":{"rendered":"Ecole \u00e9l\u00e9mentaire"},"content":{"rendered":"<p><span style=\"text-decoration: underline;\">Directeur de l&rsquo;\u00e9cole<\/span>\u00a0 : <strong>M. Paul MARIOTTE<\/strong><\/p>\n<ul id=\"bul-e2624afd-605d-ea1b-b78b-060097f926fb\" class=\"wpse-bullet wpsebul-wpse-bullet wpsebul-checkmark\" data-font-size=\"17\" data-color=\"\" data-line-height=\"\" data-margin=\"3\" data-padding=\"7\" data-classes=\"wpse-bullet wpsebul-checkmark\" data-text-size=\"\">\n<li>e-mail\u00a0: ce.0691453e@ac-lyon.fr<\/li>\n<li>T\u00e9l\u00e9phone\u00a0: 04 78 54 15 79<\/li>\n<\/ul>\n<ul id=\"bul-e2624afd-605d-ea1b-b78b-060097f926fb\" class=\"wpse-bullet wpsebul-wpse-bullet wpsebul-checkmark\" data-font-size=\"17\" data-color=\"\" data-line-height=\"\" data-margin=\"3\" data-padding=\"7\" data-classes=\"wpse-bullet wpsebul-checkmark\" data-text-size=\"\"><\/ul>\n<p>M. Paul MARIOTTE est \u00e9galement le r\u00e9f\u00e9rent de co-\u00e9ducation de proximit\u00e9 pour le p\u00e9riscolaire (<em>Gestion administrative des temps p\u00e9riscolaires : pour les inscriptions ou annulations de repas de cantine, de garderie du matin et de temps p\u00e9riscolaire du soir Peps (de 16h45 \u00e0 18h30).<\/em><\/p>\n<p>Site de la Ville de Lyon : https:\/\/www.lyon.fr\/vie-pratique\/enfance-et-education\/laccueil-periscolaire-des-temps-dactivites-adaptes-chaque-moment<\/p>\n<p>&nbsp;<\/p>\n<p><span style=\"text-decoration: underline;\">Directeur du p\u00e9riscolaire<\/span> : <strong>M. Kevin Jacquet<br \/>\n<\/strong><\/p>\n<p><em>Responsable des temps p\u00e9riscolaires : temps du midi (12h-14h05), du temps p\u00e9riscolaire du soir\u00a0 (PEPs) (de 16h45 \u00e0 18h30).\u00a0<\/em><\/p>\n<ul id=\"bul-ff2a9495-39b7-ccdc-74a1-b114ab801792\" class=\"wpse-bullet wpsebul-wpse-bullet wpsebul-checkmark\" data-font-size=\"17\" data-color=\"\" data-line-height=\"\" data-margin=\"3\" data-padding=\"7\" data-classes=\"wpse-bullet wpsebul-checkmark\" data-text-size=\"\">\n<li>e-mail: charial.elementaire@ufcv.fr<\/li>\n<li>T\u00e9l\u00e9phone : 07 82 89 98 49 (Les lundis de 9h30 \u00e0 18h30, Les mardi, jeudi et vendredi de 10h30 \u00e0 18h30, Les mercredis de 8h \u00e0 13h. Attention en dehors de ces horaires, le t\u00e9l\u00e9phone est coup\u00e9.<\/li>\n<\/ul>\n<p>&nbsp;<\/p>\n<p>R\u00e8glement Int\u00e9rieur de l&rsquo;\u00e9cole pour l&rsquo;ann\u00e9e 2024 &#8211; 2025 : ECOLE ELEMENTAIRE CHARIALv008.docx<\/p>\n<div id=\"style-bul-e2624afd-605d-ea1b-b78b-060097f926fb\">\n<style class=\"style-bul\"><!-- #bul-e2624afd-605d-ea1b-b78b-060097f926fb li {font-size: px;} #bul-e2624afd-605d-ea1b-b78b-060097f926fb li:before {font-size: 17px;color: ;line-height: px;margin: 3px;padding: 7px;classes: wpse-bullet wpsebul-checkmark;} --><\/style>\n<\/div>\n<div id=\"style-bul-ff2a9495-39b7-ccdc-74a1-b114ab801792\">\n<style class=\"style-bul\"><!-- #bul-ff2a9495-39b7-ccdc-74a1-b114ab801792 li {font-size: px;} #bul-ff2a9495-39b7-ccdc-74a1-b114ab801792 li:before {font-size: 17px;color: ;line-height: px;margin: 3px;padding: 7px;classes: wpse-bullet wpsebul-checkmark;} --><\/style>\n<\/div>\n","protected":false},"excerpt":{"rendered":"<p>Directeur de l&rsquo;\u00e9cole\u00a0 : M. Paul MARIOTTE e-mail\u00a0: ce.0691453e@ac-lyon.fr T\u00e9l\u00e9phone\u00a0: 04 78 54 15 79 M. Paul MARIOTTE est \u00e9galement le r\u00e9f\u00e9rent de co-\u00e9ducation de&#8230;<\/p>\n<div class=\"more-link-wrapper\"><a class=\"more-link\" href=\"https:\/\/aipecharial.fr\/?page_id=31\">Suite<span class=\"screen-reader-text\">Ecole \u00e9l\u00e9mentaire<\/span><\/a><\/div>\n","protected":false},"author":9,"featured_media":0,"parent":0,"menu_order":0,"comment_status":"closed","ping_status":"closed","template":"","meta":{"footnotes":""},"class_list":["post-31","page","type-page","status-publish","hentry","entry"],"_links":{"self":[{"href":"https:\/\/aipecharial.fr\/index.php?rest_route=\/wp\/v2\/pages\/31","targetHints":{"allow":["GET"]}}],"collection":[{"href":"https:\/\/aipecharial.fr\/index.php?rest_route=\/wp\/v2\/pages"}],"about":[{"href":"https:\/\/aipecharial.fr\/index.php?rest_route=\/wp\/v2\/types\/page"}],"author":[{"embeddable":true,"href":"https:\/\/aipecharial.fr\/index.php?rest_route=\/wp\/v2\/users\/9"}],"replies":[{"embeddable":true,"href":"https:\/\/aipecharial.fr\/index.php?rest_route=%2Fwp%2Fv2%2Fcomments&post=31"}],"version-history":[{"count":20,"href":"https:\/\/aipecharial.fr\/index.php?rest_route=\/wp\/v2\/pages\/31\/revisions"}],"predecessor-version":[{"id":6584,"href":"https:\/\/aipecharial.fr\/index.php?rest_route=\/wp\/v2\/pages\/31\/revisions\/6584"}],"wp:attachment":[{"href":"https:\/\/aipecharial.fr\/index.php?rest_route=%2Fwp%2Fv2%2Fmedia&parent=31"}],"curies":[{"name":"wp","href":"https:\/\/api.w.org\/{rel}","templated":true}]}}