{"id":33,"date":"2017-10-24T23:47:25","date_gmt":"2017-10-24T21:47:25","guid":{"rendered":"http:\/\/aipecharial.fr\/?page_id=33"},"modified":"2017-11-04T15:29:21","modified_gmt":"2017-11-04T14:29:21","slug":"lassociation","status":"publish","type":"page","link":"https:\/\/aipecharial.fr\/?page_id=33","title":{"rendered":"L&rsquo;association"},"content":{"rendered":"<p>Notre vocation est de participer concr\u00e8tement \u00e0 la vie de l&rsquo;\u00e9cole, ind\u00e9pendamment de tout engagement politique, religieux ou philosophique.<\/p>\n<ul id=\"bul-04e5cbcd-9abf-1e3d-460e-b1bac7f95b5b\" class=\"wpse-bullet wpsebul-wpse-bullet wpsebul-checkmark\" data-font-size=\"17\" data-color=\"\" data-line-height=\"\" data-margin=\"3\" data-padding=\"7\" data-classes=\"wpse-bullet wpsebul-checkmark\" data-text-size=\"\">\n<li>Tout parent d&rsquo;\u00e9l\u00e8ves peut adh\u00e9rer \u00e0 notre association. C&rsquo;est l&rsquo;opportunit\u00e9 de mieux connaitre l&rsquo;\u00e9cole, son fonctionnement, ses enseignants&#8230;<\/li>\n<li>Nous nous attachons exclusivement aux questions relevant de l&rsquo;\u00e9cole maternelle et primaire Charial. Cette proximit\u00e9 est un atout dans notre action.<\/li>\n<li>Nous nous r\u00e9unissons environ une dizaine de fois dans l&rsquo;ann\u00e9e, pour \u00e9changer des informations, partager nos difficult\u00e9s \u00e9ventuelles, nos remarques, nos exp\u00e9riences et d\u00e9cider d&rsquo;actions concretes sur certains points sp\u00e9cifiques. Les adh\u00e9rents re\u00e7oivent les comptes-rendus des r\u00e9unions de l&rsquo;association et des conseils d&rsquo;\u00e9cole.<\/li>\n<li>Le montant de la cotisation annuelle est de 8\u20ac par famille.<\/li>\n<\/ul>\n<div id=\"style-bul-04e5cbcd-9abf-1e3d-460e-b1bac7f95b5b\">\n<style class=\"style-bul\"><!--\n#bul-04e5cbcd-9abf-1e3d-460e-b1bac7f95b5b li {font-size: px;} #bul-04e5cbcd-9abf-1e3d-460e-b1bac7f95b5b li:before {font-size: 17px;color: ;line-height: px;margin: 3px;padding: 7px;classes: wpse-bullet wpsebul-checkmark;}\n--><\/style>\n<\/div>\n","protected":false},"excerpt":{"rendered":"<p>Notre vocation est de participer concr\u00e8tement \u00e0 la vie de l&rsquo;\u00e9cole, ind\u00e9pendamment de tout engagement politique, religieux ou philosophique. Tout parent d&rsquo;\u00e9l\u00e8ves peut adh\u00e9rer \u00e0&#8230;<\/p>\n<div class=\"more-link-wrapper\"><a class=\"more-link\" href=\"https:\/\/aipecharial.fr\/?page_id=33\">Suite<span class=\"screen-reader-text\">L&rsquo;association<\/span><\/a><\/div>\n","protected":false},"author":9,"featured_media":0,"parent":0,"menu_order":0,"comment_status":"closed","ping_status":"closed","template":"","meta":{"footnotes":""},"class_list":["post-33","page","type-page","status-publish","hentry","entry"],"_links":{"self":[{"href":"https:\/\/aipecharial.fr\/index.php?rest_route=\/wp\/v2\/pages\/33","targetHints":{"allow":["GET"]}}],"collection":[{"href":"https:\/\/aipecharial.fr\/index.php?rest_route=\/wp\/v2\/pages"}],"about":[{"href":"https:\/\/aipecharial.fr\/index.php?rest_route=\/wp\/v2\/types\/page"}],"author":[{"embeddable":true,"href":"https:\/\/aipecharial.fr\/index.php?rest_route=\/wp\/v2\/users\/9"}],"replies":[{"embeddable":true,"href":"https:\/\/aipecharial.fr\/index.php?rest_route=%2Fwp%2Fv2%2Fcomments&post=33"}],"version-history":[{"count":4,"href":"https:\/\/aipecharial.fr\/index.php?rest_route=\/wp\/v2\/pages\/33\/revisions"}],"predecessor-version":[{"id":2679,"href":"https:\/\/aipecharial.fr\/index.php?rest_route=\/wp\/v2\/pages\/33\/revisions\/2679"}],"wp:attachment":[{"href":"https:\/\/aipecharial.fr\/index.php?rest_route=%2Fwp%2Fv2%2Fmedia&parent=33"}],"curies":[{"name":"wp","href":"https:\/\/api.w.org\/{rel}","templated":true}]}}