{"id":3466,"date":"2019-03-06T23:48:46","date_gmt":"2019-03-06T22:48:46","guid":{"rendered":"http:\/\/aipecharial.fr\/?page_id=3466"},"modified":"2019-11-01T18:43:45","modified_gmt":"2019-11-01T17:43:45","slug":"projet_cour_elementaire","status":"publish","type":"page","link":"https:\/\/aipecharial.fr\/?page_id=3466","title":{"rendered":"Projet d&rsquo;am\u00e9nagement de la cour de l&rsquo;\u00e9cole \u00e9l\u00e9mentaire"},"content":{"rendered":"<p>Nous avons men\u00e9 une r\u00e9flexion sur le r\u00e9-am\u00e9nagement de la cour de l&rsquo;\u00e9cole \u00e9l\u00e9mentaire, pour s\u00e9curiser certains \u00e9l\u00e9ments et d\u00e9gager des zones pour des jeux calmes \u00e0 l&rsquo;\u00e9cart des jeux de ballons.<\/p>\n<ul>\n<li><span style=\"color: #1a932a;\"><strong>Mise \u00e0 jour (f\u00e9vrier 2019)<\/strong><\/span> :\u00a0<\/li>\n<\/ul>\n<p><a href=\"https:\/\/aipecharial.fr\/wp-content\/uploads\/2019\/03\/Projet_amenagement_cour_elementaire_MaJ_Mars2019.pdf\" target=\"_blank\" rel=\"noopener noreferrer\">Projet_amenagement_cour_elementaire_MaJ_Mars2019.pdf<\/a><\/p>\n<p style=\"text-align: center;\"><span style=\"font-size: 12px;\"><span style=\"font-size: 12px;\">(cliquez sur une zone pour l&rsquo;agrandir)<\/span><\/span><\/p>\n<div id='gallery-1' class='gallery galleryid-3466 gallery-columns-2 gallery-size-large'><figure class='gallery-item'>\n\t\t\t<div class='gallery-icon landscape'>\n\t\t\t\t<a href='https:\/\/aipecharial.fr\/?attachment_id=3492'><img loading=\"lazy\" decoding=\"async\" width=\"1024\" height=\"767\" src=\"https:\/\/aipecharial.fr\/wp-content\/uploads\/2019\/03\/Projet_Cour_Fev19_01-1024x767.jpg\" class=\"attachment-large size-large\" alt=\"\" srcset=\"https:\/\/aipecharial.fr\/wp-content\/uploads\/2019\/03\/Projet_Cour_Fev19_01-1024x767.jpg 1024w, https:\/\/aipecharial.fr\/wp-content\/uploads\/2019\/03\/Projet_Cour_Fev19_01-300x225.jpg 300w, https:\/\/aipecharial.fr\/wp-content\/uploads\/2019\/03\/Projet_Cour_Fev19_01-768x575.jpg 768w, https:\/\/aipecharial.fr\/wp-content\/uploads\/2019\/03\/Projet_Cour_Fev19_01.jpg 1440w\" sizes=\"auto, (max-width: 1024px) 100vw, 1024px\" \/><\/a>\n\t\t\t<\/div><\/figure><figure class='gallery-item'>\n\t\t\t<div class='gallery-icon landscape'>\n\t\t\t\t<a href='https:\/\/aipecharial.fr\/?attachment_id=3493'><img loading=\"lazy\" decoding=\"async\" width=\"1024\" height=\"767\" src=\"https:\/\/aipecharial.fr\/wp-content\/uploads\/2019\/03\/Projet_Cour_Fev19_02-1024x767.jpg\" class=\"attachment-large size-large\" alt=\"\" srcset=\"https:\/\/aipecharial.fr\/wp-content\/uploads\/2019\/03\/Projet_Cour_Fev19_02-1024x767.jpg 1024w, https:\/\/aipecharial.fr\/wp-content\/uploads\/2019\/03\/Projet_Cour_Fev19_02-300x225.jpg 300w, https:\/\/aipecharial.fr\/wp-content\/uploads\/2019\/03\/Projet_Cour_Fev19_02-768x575.jpg 768w, https:\/\/aipecharial.fr\/wp-content\/uploads\/2019\/03\/Projet_Cour_Fev19_02.jpg 1440w\" sizes=\"auto, (max-width: 1024px) 100vw, 1024px\" \/><\/a>\n\t\t\t<\/div><\/figure><figure class='gallery-item'>\n\t\t\t<div class='gallery-icon landscape'>\n\t\t\t\t<a href='https:\/\/aipecharial.fr\/?attachment_id=3494'><img loading=\"lazy\" decoding=\"async\" width=\"1024\" height=\"767\" src=\"https:\/\/aipecharial.fr\/wp-content\/uploads\/2019\/03\/Projet_Cour_Fev19_03-1024x767.jpg\" class=\"attachment-large size-large\" alt=\"\" srcset=\"https:\/\/aipecharial.fr\/wp-content\/uploads\/2019\/03\/Projet_Cour_Fev19_03-1024x767.jpg 1024w, https:\/\/aipecharial.fr\/wp-content\/uploads\/2019\/03\/Projet_Cour_Fev19_03-300x225.jpg 300w, https:\/\/aipecharial.fr\/wp-content\/uploads\/2019\/03\/Projet_Cour_Fev19_03-768x575.jpg 768w, https:\/\/aipecharial.fr\/wp-content\/uploads\/2019\/03\/Projet_Cour_Fev19_03.jpg 1440w\" sizes=\"auto, (max-width: 1024px) 100vw, 1024px\" \/><\/a>\n\t\t\t<\/div><\/figure><figure class='gallery-item'>\n\t\t\t<div class='gallery-icon landscape'>\n\t\t\t\t<a href='https:\/\/aipecharial.fr\/?attachment_id=3495'><img loading=\"lazy\" decoding=\"async\" width=\"1024\" height=\"767\" src=\"https:\/\/aipecharial.fr\/wp-content\/uploads\/2019\/03\/Projet_Cour_Fev19_04-1024x767.jpg\" class=\"attachment-large size-large\" alt=\"\" srcset=\"https:\/\/aipecharial.fr\/wp-content\/uploads\/2019\/03\/Projet_Cour_Fev19_04-1024x767.jpg 1024w, https:\/\/aipecharial.fr\/wp-content\/uploads\/2019\/03\/Projet_Cour_Fev19_04-300x225.jpg 300w, https:\/\/aipecharial.fr\/wp-content\/uploads\/2019\/03\/Projet_Cour_Fev19_04-768x575.jpg 768w, https:\/\/aipecharial.fr\/wp-content\/uploads\/2019\/03\/Projet_Cour_Fev19_04.jpg 1440w\" sizes=\"auto, (max-width: 1024px) 100vw, 1024px\" \/><\/a>\n\t\t\t<\/div><\/figure>\n\t\t<\/div>\n\n<ul>\n<li>\n<p><span style=\"color: #1a932a;\"><strong>Projet initial (juin 2017)<\/strong><\/span> :<\/p>\n<\/li>\n<\/ul>\n<p><a href=\"https:\/\/aipecharial.fr\/wp-content\/uploads\/2019\/03\/Projet_amenagement_cour_elementaire_Juin2017.pdf\" target=\"_blank\" rel=\"noopener noreferrer\">Projet_amenagement_cour_elementaire_Juin2017.pdf<\/a><\/p>\n<p style=\"text-align: center;\"><span style=\"font-size: 12px;\">(cliquez sur une zone pour l&rsquo;agrandir)<\/span><\/p>\n<div id='gallery-2' class='gallery galleryid-3466 gallery-columns-2 gallery-size-medium'><figure class='gallery-item'>\n\t\t\t<div class='gallery-icon landscape'>\n\t\t\t\t<a href='https:\/\/aipecharial.fr\/?attachment_id=3470'><img loading=\"lazy\" decoding=\"async\" width=\"300\" height=\"225\" src=\"https:\/\/aipecharial.fr\/wp-content\/uploads\/2019\/03\/Projet_Cour_01-300x225.jpg\" class=\"attachment-medium size-medium\" alt=\"\" srcset=\"https:\/\/aipecharial.fr\/wp-content\/uploads\/2019\/03\/Projet_Cour_01-300x225.jpg 300w, https:\/\/aipecharial.fr\/wp-content\/uploads\/2019\/03\/Projet_Cour_01-768x575.jpg 768w, https:\/\/aipecharial.fr\/wp-content\/uploads\/2019\/03\/Projet_Cour_01-1024x767.jpg 1024w, https:\/\/aipecharial.fr\/wp-content\/uploads\/2019\/03\/Projet_Cour_01.jpg 1440w\" sizes=\"auto, (max-width: 300px) 100vw, 300px\" \/><\/a>\n\t\t\t<\/div><\/figure><figure class='gallery-item'>\n\t\t\t<div class='gallery-icon landscape'>\n\t\t\t\t<a href='https:\/\/aipecharial.fr\/?attachment_id=3471'><img loading=\"lazy\" decoding=\"async\" width=\"300\" height=\"225\" src=\"https:\/\/aipecharial.fr\/wp-content\/uploads\/2019\/03\/Projet_Cour_02-300x225.jpg\" class=\"attachment-medium size-medium\" alt=\"\" srcset=\"https:\/\/aipecharial.fr\/wp-content\/uploads\/2019\/03\/Projet_Cour_02-300x225.jpg 300w, https:\/\/aipecharial.fr\/wp-content\/uploads\/2019\/03\/Projet_Cour_02-768x575.jpg 768w, https:\/\/aipecharial.fr\/wp-content\/uploads\/2019\/03\/Projet_Cour_02-1024x767.jpg 1024w, https:\/\/aipecharial.fr\/wp-content\/uploads\/2019\/03\/Projet_Cour_02.jpg 1440w\" sizes=\"auto, (max-width: 300px) 100vw, 300px\" \/><\/a>\n\t\t\t<\/div><\/figure><figure class='gallery-item'>\n\t\t\t<div class='gallery-icon landscape'>\n\t\t\t\t<a href='https:\/\/aipecharial.fr\/?attachment_id=3472'><img loading=\"lazy\" decoding=\"async\" width=\"300\" height=\"225\" src=\"https:\/\/aipecharial.fr\/wp-content\/uploads\/2019\/03\/Projet_Cour_03-300x225.jpg\" class=\"attachment-medium size-medium\" alt=\"\" srcset=\"https:\/\/aipecharial.fr\/wp-content\/uploads\/2019\/03\/Projet_Cour_03-300x225.jpg 300w, https:\/\/aipecharial.fr\/wp-content\/uploads\/2019\/03\/Projet_Cour_03-768x575.jpg 768w, https:\/\/aipecharial.fr\/wp-content\/uploads\/2019\/03\/Projet_Cour_03-1024x767.jpg 1024w, https:\/\/aipecharial.fr\/wp-content\/uploads\/2019\/03\/Projet_Cour_03.jpg 1440w\" sizes=\"auto, (max-width: 300px) 100vw, 300px\" \/><\/a>\n\t\t\t<\/div><\/figure><figure class='gallery-item'>\n\t\t\t<div class='gallery-icon landscape'>\n\t\t\t\t<a href='https:\/\/aipecharial.fr\/?attachment_id=3473'><img loading=\"lazy\" decoding=\"async\" width=\"300\" height=\"225\" src=\"https:\/\/aipecharial.fr\/wp-content\/uploads\/2019\/03\/Projet_Cour_04-300x225.jpg\" class=\"attachment-medium size-medium\" alt=\"\" srcset=\"https:\/\/aipecharial.fr\/wp-content\/uploads\/2019\/03\/Projet_Cour_04-300x225.jpg 300w, https:\/\/aipecharial.fr\/wp-content\/uploads\/2019\/03\/Projet_Cour_04-768x575.jpg 768w, https:\/\/aipecharial.fr\/wp-content\/uploads\/2019\/03\/Projet_Cour_04-1024x767.jpg 1024w, https:\/\/aipecharial.fr\/wp-content\/uploads\/2019\/03\/Projet_Cour_04.jpg 1440w\" sizes=\"auto, (max-width: 300px) 100vw, 300px\" \/><\/a>\n\t\t\t<\/div><\/figure><figure class='gallery-item'>\n\t\t\t<div class='gallery-icon landscape'>\n\t\t\t\t<a href='https:\/\/aipecharial.fr\/?attachment_id=3474'><img loading=\"lazy\" decoding=\"async\" width=\"300\" height=\"225\" src=\"https:\/\/aipecharial.fr\/wp-content\/uploads\/2019\/03\/Projet_Cour_05-300x225.jpg\" class=\"attachment-medium size-medium\" alt=\"\" srcset=\"https:\/\/aipecharial.fr\/wp-content\/uploads\/2019\/03\/Projet_Cour_05-300x225.jpg 300w, https:\/\/aipecharial.fr\/wp-content\/uploads\/2019\/03\/Projet_Cour_05-768x575.jpg 768w, https:\/\/aipecharial.fr\/wp-content\/uploads\/2019\/03\/Projet_Cour_05-1024x767.jpg 1024w, https:\/\/aipecharial.fr\/wp-content\/uploads\/2019\/03\/Projet_Cour_05.jpg 1440w\" sizes=\"auto, (max-width: 300px) 100vw, 300px\" \/><\/a>\n\t\t\t<\/div><\/figure><figure class='gallery-item'>\n\t\t\t<div class='gallery-icon landscape'>\n\t\t\t\t<a href='https:\/\/aipecharial.fr\/?attachment_id=3475'><img loading=\"lazy\" decoding=\"async\" width=\"300\" height=\"225\" src=\"https:\/\/aipecharial.fr\/wp-content\/uploads\/2019\/03\/Projet_Cour_06-300x225.jpg\" class=\"attachment-medium size-medium\" alt=\"\" srcset=\"https:\/\/aipecharial.fr\/wp-content\/uploads\/2019\/03\/Projet_Cour_06-300x225.jpg 300w, https:\/\/aipecharial.fr\/wp-content\/uploads\/2019\/03\/Projet_Cour_06-768x575.jpg 768w, https:\/\/aipecharial.fr\/wp-content\/uploads\/2019\/03\/Projet_Cour_06-1024x767.jpg 1024w, https:\/\/aipecharial.fr\/wp-content\/uploads\/2019\/03\/Projet_Cour_06.jpg 1440w\" sizes=\"auto, (max-width: 300px) 100vw, 300px\" \/><\/a>\n\t\t\t<\/div><\/figure><figure class='gallery-item'>\n\t\t\t<div class='gallery-icon landscape'>\n\t\t\t\t<a href='https:\/\/aipecharial.fr\/?attachment_id=3476'><img loading=\"lazy\" decoding=\"async\" width=\"300\" height=\"225\" src=\"https:\/\/aipecharial.fr\/wp-content\/uploads\/2019\/03\/Projet_Cour_07-300x225.jpg\" class=\"attachment-medium size-medium\" alt=\"\" srcset=\"https:\/\/aipecharial.fr\/wp-content\/uploads\/2019\/03\/Projet_Cour_07-300x225.jpg 300w, https:\/\/aipecharial.fr\/wp-content\/uploads\/2019\/03\/Projet_Cour_07-768x575.jpg 768w, https:\/\/aipecharial.fr\/wp-content\/uploads\/2019\/03\/Projet_Cour_07-1024x767.jpg 1024w, https:\/\/aipecharial.fr\/wp-content\/uploads\/2019\/03\/Projet_Cour_07.jpg 1440w\" sizes=\"auto, (max-width: 300px) 100vw, 300px\" \/><\/a>\n\t\t\t<\/div><\/figure><figure class='gallery-item'>\n\t\t\t<div class='gallery-icon landscape'>\n\t\t\t\t<a href='https:\/\/aipecharial.fr\/?attachment_id=3477'><img loading=\"lazy\" decoding=\"async\" width=\"300\" height=\"225\" src=\"https:\/\/aipecharial.fr\/wp-content\/uploads\/2019\/03\/Projet_Cour_08-300x225.jpg\" class=\"attachment-medium size-medium\" alt=\"\" srcset=\"https:\/\/aipecharial.fr\/wp-content\/uploads\/2019\/03\/Projet_Cour_08-300x225.jpg 300w, https:\/\/aipecharial.fr\/wp-content\/uploads\/2019\/03\/Projet_Cour_08-768x575.jpg 768w, https:\/\/aipecharial.fr\/wp-content\/uploads\/2019\/03\/Projet_Cour_08-1024x767.jpg 1024w, https:\/\/aipecharial.fr\/wp-content\/uploads\/2019\/03\/Projet_Cour_08.jpg 1440w\" sizes=\"auto, (max-width: 300px) 100vw, 300px\" \/><\/a>\n\t\t\t<\/div><\/figure><figure class='gallery-item'>\n\t\t\t<div class='gallery-icon landscape'>\n\t\t\t\t<a href='https:\/\/aipecharial.fr\/?attachment_id=3478'><img loading=\"lazy\" decoding=\"async\" width=\"300\" height=\"225\" src=\"https:\/\/aipecharial.fr\/wp-content\/uploads\/2019\/03\/Projet_Cour_09-300x225.jpg\" class=\"attachment-medium size-medium\" alt=\"\" srcset=\"https:\/\/aipecharial.fr\/wp-content\/uploads\/2019\/03\/Projet_Cour_09-300x225.jpg 300w, https:\/\/aipecharial.fr\/wp-content\/uploads\/2019\/03\/Projet_Cour_09-768x575.jpg 768w, https:\/\/aipecharial.fr\/wp-content\/uploads\/2019\/03\/Projet_Cour_09-1024x767.jpg 1024w, https:\/\/aipecharial.fr\/wp-content\/uploads\/2019\/03\/Projet_Cour_09.jpg 1440w\" sizes=\"auto, (max-width: 300px) 100vw, 300px\" \/><\/a>\n\t\t\t<\/div><\/figure><figure class='gallery-item'>\n\t\t\t<div class='gallery-icon landscape'>\n\t\t\t\t<a href='https:\/\/aipecharial.fr\/?attachment_id=3479'><img loading=\"lazy\" decoding=\"async\" width=\"300\" height=\"225\" src=\"https:\/\/aipecharial.fr\/wp-content\/uploads\/2019\/03\/Projet_Cour_10-300x225.jpg\" class=\"attachment-medium size-medium\" alt=\"\" srcset=\"https:\/\/aipecharial.fr\/wp-content\/uploads\/2019\/03\/Projet_Cour_10-300x225.jpg 300w, https:\/\/aipecharial.fr\/wp-content\/uploads\/2019\/03\/Projet_Cour_10-768x575.jpg 768w, https:\/\/aipecharial.fr\/wp-content\/uploads\/2019\/03\/Projet_Cour_10-1024x767.jpg 1024w, https:\/\/aipecharial.fr\/wp-content\/uploads\/2019\/03\/Projet_Cour_10.jpg 1440w\" sizes=\"auto, (max-width: 300px) 100vw, 300px\" \/><\/a>\n\t\t\t<\/div><\/figure><figure class='gallery-item'>\n\t\t\t<div class='gallery-icon landscape'>\n\t\t\t\t<a href='https:\/\/aipecharial.fr\/?attachment_id=3480'><img loading=\"lazy\" decoding=\"async\" width=\"300\" height=\"225\" src=\"https:\/\/aipecharial.fr\/wp-content\/uploads\/2019\/03\/Projet_Cour_11-300x225.jpg\" class=\"attachment-medium size-medium\" alt=\"\" srcset=\"https:\/\/aipecharial.fr\/wp-content\/uploads\/2019\/03\/Projet_Cour_11-300x225.jpg 300w, https:\/\/aipecharial.fr\/wp-content\/uploads\/2019\/03\/Projet_Cour_11-768x575.jpg 768w, https:\/\/aipecharial.fr\/wp-content\/uploads\/2019\/03\/Projet_Cour_11-1024x767.jpg 1024w, https:\/\/aipecharial.fr\/wp-content\/uploads\/2019\/03\/Projet_Cour_11.jpg 1440w\" sizes=\"auto, (max-width: 300px) 100vw, 300px\" \/><\/a>\n\t\t\t<\/div><\/figure><figure class='gallery-item'>\n\t\t\t<div class='gallery-icon landscape'>\n\t\t\t\t<a href='https:\/\/aipecharial.fr\/?attachment_id=3481'><img loading=\"lazy\" decoding=\"async\" width=\"300\" height=\"225\" src=\"https:\/\/aipecharial.fr\/wp-content\/uploads\/2019\/03\/Projet_Cour_12-300x225.jpg\" class=\"attachment-medium size-medium\" alt=\"\" srcset=\"https:\/\/aipecharial.fr\/wp-content\/uploads\/2019\/03\/Projet_Cour_12-300x225.jpg 300w, https:\/\/aipecharial.fr\/wp-content\/uploads\/2019\/03\/Projet_Cour_12-768x575.jpg 768w, https:\/\/aipecharial.fr\/wp-content\/uploads\/2019\/03\/Projet_Cour_12-1024x767.jpg 1024w, https:\/\/aipecharial.fr\/wp-content\/uploads\/2019\/03\/Projet_Cour_12.jpg 1440w\" sizes=\"auto, (max-width: 300px) 100vw, 300px\" \/><\/a>\n\t\t\t<\/div><\/figure><figure class='gallery-item'>\n\t\t\t<div class='gallery-icon landscape'>\n\t\t\t\t<a href='https:\/\/aipecharial.fr\/?attachment_id=3482'><img loading=\"lazy\" decoding=\"async\" width=\"300\" height=\"225\" src=\"https:\/\/aipecharial.fr\/wp-content\/uploads\/2019\/03\/Projet_Cour_13-300x225.jpg\" class=\"attachment-medium size-medium\" alt=\"\" srcset=\"https:\/\/aipecharial.fr\/wp-content\/uploads\/2019\/03\/Projet_Cour_13-300x225.jpg 300w, https:\/\/aipecharial.fr\/wp-content\/uploads\/2019\/03\/Projet_Cour_13-768x575.jpg 768w, https:\/\/aipecharial.fr\/wp-content\/uploads\/2019\/03\/Projet_Cour_13-1024x767.jpg 1024w, https:\/\/aipecharial.fr\/wp-content\/uploads\/2019\/03\/Projet_Cour_13.jpg 1440w\" sizes=\"auto, (max-width: 300px) 100vw, 300px\" \/><\/a>\n\t\t\t<\/div><\/figure><figure class='gallery-item'>\n\t\t\t<div class='gallery-icon landscape'>\n\t\t\t\t<a href='https:\/\/aipecharial.fr\/?attachment_id=3483'><img loading=\"lazy\" decoding=\"async\" width=\"300\" height=\"225\" src=\"https:\/\/aipecharial.fr\/wp-content\/uploads\/2019\/03\/Projet_Cour_14-300x225.jpg\" class=\"attachment-medium size-medium\" alt=\"\" srcset=\"https:\/\/aipecharial.fr\/wp-content\/uploads\/2019\/03\/Projet_Cour_14-300x225.jpg 300w, https:\/\/aipecharial.fr\/wp-content\/uploads\/2019\/03\/Projet_Cour_14-768x575.jpg 768w, https:\/\/aipecharial.fr\/wp-content\/uploads\/2019\/03\/Projet_Cour_14-1024x767.jpg 1024w, https:\/\/aipecharial.fr\/wp-content\/uploads\/2019\/03\/Projet_Cour_14.jpg 1440w\" sizes=\"auto, (max-width: 300px) 100vw, 300px\" \/><\/a>\n\t\t\t<\/div><\/figure><figure class='gallery-item'>\n\t\t\t<div class='gallery-icon landscape'>\n\t\t\t\t<a href='https:\/\/aipecharial.fr\/?attachment_id=3484'><img loading=\"lazy\" decoding=\"async\" width=\"300\" height=\"225\" src=\"https:\/\/aipecharial.fr\/wp-content\/uploads\/2019\/03\/Projet_Cour_15-300x225.jpg\" class=\"attachment-medium size-medium\" alt=\"\" srcset=\"https:\/\/aipecharial.fr\/wp-content\/uploads\/2019\/03\/Projet_Cour_15-300x225.jpg 300w, https:\/\/aipecharial.fr\/wp-content\/uploads\/2019\/03\/Projet_Cour_15-768x575.jpg 768w, https:\/\/aipecharial.fr\/wp-content\/uploads\/2019\/03\/Projet_Cour_15-1024x767.jpg 1024w, https:\/\/aipecharial.fr\/wp-content\/uploads\/2019\/03\/Projet_Cour_15.jpg 1440w\" sizes=\"auto, (max-width: 300px) 100vw, 300px\" \/><\/a>\n\t\t\t<\/div><\/figure><figure class='gallery-item'>\n\t\t\t<div class='gallery-icon landscape'>\n\t\t\t\t<a href='https:\/\/aipecharial.fr\/?attachment_id=3485'><img loading=\"lazy\" decoding=\"async\" width=\"300\" height=\"225\" src=\"https:\/\/aipecharial.fr\/wp-content\/uploads\/2019\/03\/Projet_Cour_16-300x225.jpg\" class=\"attachment-medium size-medium\" alt=\"\" srcset=\"https:\/\/aipecharial.fr\/wp-content\/uploads\/2019\/03\/Projet_Cour_16-300x225.jpg 300w, https:\/\/aipecharial.fr\/wp-content\/uploads\/2019\/03\/Projet_Cour_16-768x575.jpg 768w, https:\/\/aipecharial.fr\/wp-content\/uploads\/2019\/03\/Projet_Cour_16-1024x767.jpg 1024w, https:\/\/aipecharial.fr\/wp-content\/uploads\/2019\/03\/Projet_Cour_16.jpg 1440w\" sizes=\"auto, (max-width: 300px) 100vw, 300px\" \/><\/a>\n\t\t\t<\/div><\/figure><figure class='gallery-item'>\n\t\t\t<div class='gallery-icon landscape'>\n\t\t\t\t<a href='https:\/\/aipecharial.fr\/?attachment_id=3486'><img loading=\"lazy\" decoding=\"async\" width=\"300\" height=\"225\" src=\"https:\/\/aipecharial.fr\/wp-content\/uploads\/2019\/03\/Projet_Cour_17-300x225.jpg\" class=\"attachment-medium size-medium\" alt=\"\" srcset=\"https:\/\/aipecharial.fr\/wp-content\/uploads\/2019\/03\/Projet_Cour_17-300x225.jpg 300w, https:\/\/aipecharial.fr\/wp-content\/uploads\/2019\/03\/Projet_Cour_17-768x575.jpg 768w, https:\/\/aipecharial.fr\/wp-content\/uploads\/2019\/03\/Projet_Cour_17-1024x767.jpg 1024w, https:\/\/aipecharial.fr\/wp-content\/uploads\/2019\/03\/Projet_Cour_17.jpg 1440w\" sizes=\"auto, (max-width: 300px) 100vw, 300px\" \/><\/a>\n\t\t\t<\/div><\/figure>\n\t\t<\/div>\n\n","protected":false},"excerpt":{"rendered":"<p>Nous avons men\u00e9 une r\u00e9flexion sur le r\u00e9-am\u00e9nagement de la cour de l&rsquo;\u00e9cole \u00e9l\u00e9mentaire, pour s\u00e9curiser certains \u00e9l\u00e9ments et d\u00e9gager des zones pour des jeux&#8230;<\/p>\n<div class=\"more-link-wrapper\"><a class=\"more-link\" href=\"https:\/\/aipecharial.fr\/?page_id=3466\">Suite<span class=\"screen-reader-text\">Projet d&rsquo;am\u00e9nagement de la cour de l&rsquo;\u00e9cole \u00e9l\u00e9mentaire<\/span><\/a><\/div>\n","protected":false},"author":9,"featured_media":0,"parent":0,"menu_order":0,"comment_status":"closed","ping_status":"closed","template":"","meta":{"footnotes":""},"class_list":["post-3466","page","type-page","status-publish","hentry","entry"],"_links":{"self":[{"href":"https:\/\/aipecharial.fr\/index.php?rest_route=\/wp\/v2\/pages\/3466","targetHints":{"allow":["GET"]}}],"collection":[{"href":"https:\/\/aipecharial.fr\/index.php?rest_route=\/wp\/v2\/pages"}],"about":[{"href":"https:\/\/aipecharial.fr\/index.php?rest_route=\/wp\/v2\/types\/page"}],"author":[{"embeddable":true,"href":"https:\/\/aipecharial.fr\/index.php?rest_route=\/wp\/v2\/users\/9"}],"replies":[{"embeddable":true,"href":"https:\/\/aipecharial.fr\/index.php?rest_route=%2Fwp%2Fv2%2Fcomments&post=3466"}],"version-history":[{"count":23,"href":"https:\/\/aipecharial.fr\/index.php?rest_route=\/wp\/v2\/pages\/3466\/revisions"}],"predecessor-version":[{"id":3916,"href":"https:\/\/aipecharial.fr\/index.php?rest_route=\/wp\/v2\/pages\/3466\/revisions\/3916"}],"wp:attachment":[{"href":"https:\/\/aipecharial.fr\/index.php?rest_route=%2Fwp%2Fv2%2Fmedia&parent=3466"}],"curies":[{"name":"wp","href":"https:\/\/api.w.org\/{rel}","templated":true}]}}