{"id":3509,"date":"2019-03-07T00:44:38","date_gmt":"2019-03-06T23:44:38","guid":{"rendered":"http:\/\/aipecharial.fr\/?page_id=3509"},"modified":"2019-11-01T18:50:29","modified_gmt":"2019-11-01T17:50:29","slug":"sanitaires-de-lecole-elementaire","status":"publish","type":"page","link":"https:\/\/aipecharial.fr\/?page_id=3509","title":{"rendered":"Sanitaires de l&rsquo;\u00e9cole \u00e9l\u00e9mentaire"},"content":{"rendered":"<p><span style=\"color: #2679bf;\">F\u00e9vrier 2019<\/span> : Suite aux retours r\u00e9currents des \u00e9l\u00e8ves sur le manque d&rsquo;hygi\u00e8ne et les difficult\u00e9s d&rsquo;acc\u00e8s aux sanitaires, depuis de nombreuses ann\u00e9es, nous avons dress\u00e9 un inventaire et un \u00e9tat des lieux des toilettes du RdC de l&rsquo;\u00e9cole \u00e9l\u00e9mentaire.\u00a0Nous avons soumis une liste de travaux et de mat\u00e9riels \u00e0 la mairie, ainsi que des pistes de r\u00e9flexion. Affaire \u00e0 suivre &#8230;<\/p>\n<p><a href=\"https:\/\/aipecharial.fr\/wp-content\/uploads\/2019\/03\/toilettes_elementaire_fev2019.pdf\" target=\"_blank\" rel=\"noopener noreferrer\">Document complet<\/a><\/p>\n<p style=\"text-align: center;\"><span style=\"font-size: 12px;\">(cliquez sur une zone pour l&rsquo;agrandir)<\/span><\/p>\n<div id='gallery-1' class='gallery galleryid-3509 gallery-columns-2 gallery-size-large'><figure class='gallery-item'>\n\t\t\t<div class='gallery-icon landscape'>\n\t\t\t\t<a href='https:\/\/aipecharial.fr\/?attachment_id=3511'><img loading=\"lazy\" decoding=\"async\" width=\"1024\" height=\"768\" src=\"https:\/\/aipecharial.fr\/wp-content\/uploads\/2019\/03\/Sanitaires_01-1024x768.jpg\" class=\"attachment-large size-large\" alt=\"\" srcset=\"https:\/\/aipecharial.fr\/wp-content\/uploads\/2019\/03\/Sanitaires_01-1024x768.jpg 1024w, https:\/\/aipecharial.fr\/wp-content\/uploads\/2019\/03\/Sanitaires_01-300x225.jpg 300w, https:\/\/aipecharial.fr\/wp-content\/uploads\/2019\/03\/Sanitaires_01-768x576.jpg 768w, https:\/\/aipecharial.fr\/wp-content\/uploads\/2019\/03\/Sanitaires_01.jpg 1440w\" sizes=\"auto, (max-width: 1024px) 100vw, 1024px\" \/><\/a>\n\t\t\t<\/div><\/figure><figure class='gallery-item'>\n\t\t\t<div class='gallery-icon landscape'>\n\t\t\t\t<a href='https:\/\/aipecharial.fr\/?attachment_id=3512'><img loading=\"lazy\" decoding=\"async\" width=\"1024\" height=\"768\" src=\"https:\/\/aipecharial.fr\/wp-content\/uploads\/2019\/03\/Sanitaires_02-1024x768.jpg\" class=\"attachment-large size-large\" alt=\"\" srcset=\"https:\/\/aipecharial.fr\/wp-content\/uploads\/2019\/03\/Sanitaires_02-1024x768.jpg 1024w, https:\/\/aipecharial.fr\/wp-content\/uploads\/2019\/03\/Sanitaires_02-300x225.jpg 300w, https:\/\/aipecharial.fr\/wp-content\/uploads\/2019\/03\/Sanitaires_02-768x576.jpg 768w, https:\/\/aipecharial.fr\/wp-content\/uploads\/2019\/03\/Sanitaires_02.jpg 1440w\" sizes=\"auto, (max-width: 1024px) 100vw, 1024px\" \/><\/a>\n\t\t\t<\/div><\/figure><figure class='gallery-item'>\n\t\t\t<div class='gallery-icon landscape'>\n\t\t\t\t<a href='https:\/\/aipecharial.fr\/?attachment_id=3513'><img loading=\"lazy\" decoding=\"async\" width=\"1024\" height=\"768\" src=\"https:\/\/aipecharial.fr\/wp-content\/uploads\/2019\/03\/Sanitaires_03-1024x768.jpg\" class=\"attachment-large size-large\" alt=\"\" srcset=\"https:\/\/aipecharial.fr\/wp-content\/uploads\/2019\/03\/Sanitaires_03-1024x768.jpg 1024w, https:\/\/aipecharial.fr\/wp-content\/uploads\/2019\/03\/Sanitaires_03-300x225.jpg 300w, https:\/\/aipecharial.fr\/wp-content\/uploads\/2019\/03\/Sanitaires_03-768x576.jpg 768w, https:\/\/aipecharial.fr\/wp-content\/uploads\/2019\/03\/Sanitaires_03.jpg 1440w\" sizes=\"auto, (max-width: 1024px) 100vw, 1024px\" \/><\/a>\n\t\t\t<\/div><\/figure><figure class='gallery-item'>\n\t\t\t<div class='gallery-icon landscape'>\n\t\t\t\t<a href='https:\/\/aipecharial.fr\/?attachment_id=3514'><img loading=\"lazy\" decoding=\"async\" width=\"1024\" height=\"768\" src=\"https:\/\/aipecharial.fr\/wp-content\/uploads\/2019\/03\/Sanitaires_04-1024x768.jpg\" class=\"attachment-large size-large\" alt=\"\" srcset=\"https:\/\/aipecharial.fr\/wp-content\/uploads\/2019\/03\/Sanitaires_04-1024x768.jpg 1024w, https:\/\/aipecharial.fr\/wp-content\/uploads\/2019\/03\/Sanitaires_04-300x225.jpg 300w, https:\/\/aipecharial.fr\/wp-content\/uploads\/2019\/03\/Sanitaires_04-768x576.jpg 768w, https:\/\/aipecharial.fr\/wp-content\/uploads\/2019\/03\/Sanitaires_04.jpg 1440w\" sizes=\"auto, (max-width: 1024px) 100vw, 1024px\" \/><\/a>\n\t\t\t<\/div><\/figure><figure class='gallery-item'>\n\t\t\t<div class='gallery-icon landscape'>\n\t\t\t\t<a href='https:\/\/aipecharial.fr\/?attachment_id=3515'><img loading=\"lazy\" decoding=\"async\" width=\"1024\" height=\"768\" src=\"https:\/\/aipecharial.fr\/wp-content\/uploads\/2019\/03\/Sanitaires_05-1024x768.jpg\" class=\"attachment-large size-large\" alt=\"\" srcset=\"https:\/\/aipecharial.fr\/wp-content\/uploads\/2019\/03\/Sanitaires_05-1024x768.jpg 1024w, https:\/\/aipecharial.fr\/wp-content\/uploads\/2019\/03\/Sanitaires_05-300x225.jpg 300w, https:\/\/aipecharial.fr\/wp-content\/uploads\/2019\/03\/Sanitaires_05-768x576.jpg 768w, https:\/\/aipecharial.fr\/wp-content\/uploads\/2019\/03\/Sanitaires_05.jpg 1440w\" sizes=\"auto, (max-width: 1024px) 100vw, 1024px\" \/><\/a>\n\t\t\t<\/div><\/figure><figure class='gallery-item'>\n\t\t\t<div class='gallery-icon landscape'>\n\t\t\t\t<a href='https:\/\/aipecharial.fr\/?attachment_id=3516'><img loading=\"lazy\" decoding=\"async\" width=\"1024\" height=\"768\" src=\"https:\/\/aipecharial.fr\/wp-content\/uploads\/2019\/03\/Sanitaires_06-1024x768.jpg\" class=\"attachment-large size-large\" alt=\"\" srcset=\"https:\/\/aipecharial.fr\/wp-content\/uploads\/2019\/03\/Sanitaires_06-1024x768.jpg 1024w, https:\/\/aipecharial.fr\/wp-content\/uploads\/2019\/03\/Sanitaires_06-300x225.jpg 300w, https:\/\/aipecharial.fr\/wp-content\/uploads\/2019\/03\/Sanitaires_06-768x576.jpg 768w, https:\/\/aipecharial.fr\/wp-content\/uploads\/2019\/03\/Sanitaires_06.jpg 1440w\" sizes=\"auto, (max-width: 1024px) 100vw, 1024px\" \/><\/a>\n\t\t\t<\/div><\/figure><figure class='gallery-item'>\n\t\t\t<div class='gallery-icon landscape'>\n\t\t\t\t<a href='https:\/\/aipecharial.fr\/?attachment_id=3517'><img loading=\"lazy\" decoding=\"async\" width=\"1024\" height=\"768\" src=\"https:\/\/aipecharial.fr\/wp-content\/uploads\/2019\/03\/Sanitaires_07-1024x768.jpg\" class=\"attachment-large size-large\" alt=\"\" srcset=\"https:\/\/aipecharial.fr\/wp-content\/uploads\/2019\/03\/Sanitaires_07-1024x768.jpg 1024w, https:\/\/aipecharial.fr\/wp-content\/uploads\/2019\/03\/Sanitaires_07-300x225.jpg 300w, https:\/\/aipecharial.fr\/wp-content\/uploads\/2019\/03\/Sanitaires_07-768x576.jpg 768w, https:\/\/aipecharial.fr\/wp-content\/uploads\/2019\/03\/Sanitaires_07.jpg 1440w\" sizes=\"auto, (max-width: 1024px) 100vw, 1024px\" \/><\/a>\n\t\t\t<\/div><\/figure><figure class='gallery-item'>\n\t\t\t<div class='gallery-icon landscape'>\n\t\t\t\t<a href='https:\/\/aipecharial.fr\/?attachment_id=3518'><img loading=\"lazy\" decoding=\"async\" width=\"1024\" height=\"768\" src=\"https:\/\/aipecharial.fr\/wp-content\/uploads\/2019\/03\/Sanitaires_08-1024x768.jpg\" class=\"attachment-large size-large\" alt=\"\" srcset=\"https:\/\/aipecharial.fr\/wp-content\/uploads\/2019\/03\/Sanitaires_08-1024x768.jpg 1024w, https:\/\/aipecharial.fr\/wp-content\/uploads\/2019\/03\/Sanitaires_08-300x225.jpg 300w, https:\/\/aipecharial.fr\/wp-content\/uploads\/2019\/03\/Sanitaires_08-768x576.jpg 768w, https:\/\/aipecharial.fr\/wp-content\/uploads\/2019\/03\/Sanitaires_08.jpg 1440w\" sizes=\"auto, (max-width: 1024px) 100vw, 1024px\" \/><\/a>\n\t\t\t<\/div><\/figure><figure class='gallery-item'>\n\t\t\t<div class='gallery-icon landscape'>\n\t\t\t\t<a href='https:\/\/aipecharial.fr\/?attachment_id=3519'><img loading=\"lazy\" decoding=\"async\" width=\"1024\" height=\"768\" src=\"https:\/\/aipecharial.fr\/wp-content\/uploads\/2019\/03\/Sanitaires_09-1024x768.jpg\" class=\"attachment-large size-large\" alt=\"\" srcset=\"https:\/\/aipecharial.fr\/wp-content\/uploads\/2019\/03\/Sanitaires_09-1024x768.jpg 1024w, https:\/\/aipecharial.fr\/wp-content\/uploads\/2019\/03\/Sanitaires_09-300x225.jpg 300w, https:\/\/aipecharial.fr\/wp-content\/uploads\/2019\/03\/Sanitaires_09-768x576.jpg 768w, https:\/\/aipecharial.fr\/wp-content\/uploads\/2019\/03\/Sanitaires_09.jpg 1440w\" sizes=\"auto, (max-width: 1024px) 100vw, 1024px\" \/><\/a>\n\t\t\t<\/div><\/figure><figure class='gallery-item'>\n\t\t\t<div class='gallery-icon landscape'>\n\t\t\t\t<a href='https:\/\/aipecharial.fr\/?attachment_id=3520'><img loading=\"lazy\" decoding=\"async\" width=\"1024\" height=\"768\" src=\"https:\/\/aipecharial.fr\/wp-content\/uploads\/2019\/03\/Sanitaires_10-1024x768.jpg\" class=\"attachment-large size-large\" alt=\"\" srcset=\"https:\/\/aipecharial.fr\/wp-content\/uploads\/2019\/03\/Sanitaires_10-1024x768.jpg 1024w, https:\/\/aipecharial.fr\/wp-content\/uploads\/2019\/03\/Sanitaires_10-300x225.jpg 300w, https:\/\/aipecharial.fr\/wp-content\/uploads\/2019\/03\/Sanitaires_10-768x576.jpg 768w, https:\/\/aipecharial.fr\/wp-content\/uploads\/2019\/03\/Sanitaires_10.jpg 1440w\" sizes=\"auto, (max-width: 1024px) 100vw, 1024px\" \/><\/a>\n\t\t\t<\/div><\/figure><figure class='gallery-item'>\n\t\t\t<div class='gallery-icon landscape'>\n\t\t\t\t<a href='https:\/\/aipecharial.fr\/?attachment_id=3521'><img loading=\"lazy\" decoding=\"async\" width=\"1024\" height=\"768\" src=\"https:\/\/aipecharial.fr\/wp-content\/uploads\/2019\/03\/Sanitaires_11-1024x768.jpg\" class=\"attachment-large size-large\" alt=\"\" srcset=\"https:\/\/aipecharial.fr\/wp-content\/uploads\/2019\/03\/Sanitaires_11-1024x768.jpg 1024w, https:\/\/aipecharial.fr\/wp-content\/uploads\/2019\/03\/Sanitaires_11-300x225.jpg 300w, https:\/\/aipecharial.fr\/wp-content\/uploads\/2019\/03\/Sanitaires_11-768x576.jpg 768w, https:\/\/aipecharial.fr\/wp-content\/uploads\/2019\/03\/Sanitaires_11.jpg 1440w\" sizes=\"auto, (max-width: 1024px) 100vw, 1024px\" \/><\/a>\n\t\t\t<\/div><\/figure><figure class='gallery-item'>\n\t\t\t<div class='gallery-icon landscape'>\n\t\t\t\t<a href='https:\/\/aipecharial.fr\/?attachment_id=3522'><img loading=\"lazy\" decoding=\"async\" width=\"1024\" height=\"768\" src=\"https:\/\/aipecharial.fr\/wp-content\/uploads\/2019\/03\/Sanitaires_12-1024x768.jpg\" class=\"attachment-large size-large\" alt=\"\" srcset=\"https:\/\/aipecharial.fr\/wp-content\/uploads\/2019\/03\/Sanitaires_12-1024x768.jpg 1024w, https:\/\/aipecharial.fr\/wp-content\/uploads\/2019\/03\/Sanitaires_12-300x225.jpg 300w, https:\/\/aipecharial.fr\/wp-content\/uploads\/2019\/03\/Sanitaires_12-768x576.jpg 768w, https:\/\/aipecharial.fr\/wp-content\/uploads\/2019\/03\/Sanitaires_12.jpg 1440w\" sizes=\"auto, (max-width: 1024px) 100vw, 1024px\" \/><\/a>\n\t\t\t<\/div><\/figure><figure class='gallery-item'>\n\t\t\t<div class='gallery-icon landscape'>\n\t\t\t\t<a href='https:\/\/aipecharial.fr\/?attachment_id=3523'><img loading=\"lazy\" decoding=\"async\" width=\"1024\" height=\"768\" src=\"https:\/\/aipecharial.fr\/wp-content\/uploads\/2019\/03\/Sanitaires_13-1024x768.jpg\" class=\"attachment-large size-large\" alt=\"\" srcset=\"https:\/\/aipecharial.fr\/wp-content\/uploads\/2019\/03\/Sanitaires_13-1024x768.jpg 1024w, https:\/\/aipecharial.fr\/wp-content\/uploads\/2019\/03\/Sanitaires_13-300x225.jpg 300w, https:\/\/aipecharial.fr\/wp-content\/uploads\/2019\/03\/Sanitaires_13-768x576.jpg 768w, https:\/\/aipecharial.fr\/wp-content\/uploads\/2019\/03\/Sanitaires_13.jpg 1440w\" sizes=\"auto, (max-width: 1024px) 100vw, 1024px\" \/><\/a>\n\t\t\t<\/div><\/figure><figure class='gallery-item'>\n\t\t\t<div class='gallery-icon landscape'>\n\t\t\t\t<a href='https:\/\/aipecharial.fr\/?attachment_id=3524'><img loading=\"lazy\" decoding=\"async\" width=\"1024\" height=\"768\" src=\"https:\/\/aipecharial.fr\/wp-content\/uploads\/2019\/03\/Sanitaires_14-1024x768.jpg\" class=\"attachment-large size-large\" alt=\"\" srcset=\"https:\/\/aipecharial.fr\/wp-content\/uploads\/2019\/03\/Sanitaires_14-1024x768.jpg 1024w, https:\/\/aipecharial.fr\/wp-content\/uploads\/2019\/03\/Sanitaires_14-300x225.jpg 300w, https:\/\/aipecharial.fr\/wp-content\/uploads\/2019\/03\/Sanitaires_14-768x576.jpg 768w, https:\/\/aipecharial.fr\/wp-content\/uploads\/2019\/03\/Sanitaires_14.jpg 1440w\" sizes=\"auto, (max-width: 1024px) 100vw, 1024px\" \/><\/a>\n\t\t\t<\/div><\/figure><figure class='gallery-item'>\n\t\t\t<div class='gallery-icon landscape'>\n\t\t\t\t<a href='https:\/\/aipecharial.fr\/?attachment_id=3525'><img loading=\"lazy\" decoding=\"async\" width=\"1024\" height=\"768\" src=\"https:\/\/aipecharial.fr\/wp-content\/uploads\/2019\/03\/Sanitaires_15-1024x768.jpg\" class=\"attachment-large size-large\" alt=\"\" srcset=\"https:\/\/aipecharial.fr\/wp-content\/uploads\/2019\/03\/Sanitaires_15-1024x768.jpg 1024w, https:\/\/aipecharial.fr\/wp-content\/uploads\/2019\/03\/Sanitaires_15-300x225.jpg 300w, https:\/\/aipecharial.fr\/wp-content\/uploads\/2019\/03\/Sanitaires_15-768x576.jpg 768w, https:\/\/aipecharial.fr\/wp-content\/uploads\/2019\/03\/Sanitaires_15.jpg 1440w\" sizes=\"auto, (max-width: 1024px) 100vw, 1024px\" \/><\/a>\n\t\t\t<\/div><\/figure><figure class='gallery-item'>\n\t\t\t<div class='gallery-icon landscape'>\n\t\t\t\t<a href='https:\/\/aipecharial.fr\/?attachment_id=3526'><img loading=\"lazy\" decoding=\"async\" width=\"1024\" height=\"768\" src=\"https:\/\/aipecharial.fr\/wp-content\/uploads\/2019\/03\/Sanitaires_16-1024x768.jpg\" class=\"attachment-large size-large\" alt=\"\" srcset=\"https:\/\/aipecharial.fr\/wp-content\/uploads\/2019\/03\/Sanitaires_16-1024x768.jpg 1024w, https:\/\/aipecharial.fr\/wp-content\/uploads\/2019\/03\/Sanitaires_16-300x225.jpg 300w, https:\/\/aipecharial.fr\/wp-content\/uploads\/2019\/03\/Sanitaires_16-768x576.jpg 768w, https:\/\/aipecharial.fr\/wp-content\/uploads\/2019\/03\/Sanitaires_16.jpg 1440w\" sizes=\"auto, (max-width: 1024px) 100vw, 1024px\" \/><\/a>\n\t\t\t<\/div><\/figure><figure class='gallery-item'>\n\t\t\t<div class='gallery-icon landscape'>\n\t\t\t\t<a href='https:\/\/aipecharial.fr\/?attachment_id=3527'><img loading=\"lazy\" decoding=\"async\" width=\"1024\" height=\"768\" src=\"https:\/\/aipecharial.fr\/wp-content\/uploads\/2019\/03\/Sanitaires_17-1024x768.jpg\" class=\"attachment-large size-large\" alt=\"\" srcset=\"https:\/\/aipecharial.fr\/wp-content\/uploads\/2019\/03\/Sanitaires_17-1024x768.jpg 1024w, https:\/\/aipecharial.fr\/wp-content\/uploads\/2019\/03\/Sanitaires_17-300x225.jpg 300w, https:\/\/aipecharial.fr\/wp-content\/uploads\/2019\/03\/Sanitaires_17-768x576.jpg 768w, https:\/\/aipecharial.fr\/wp-content\/uploads\/2019\/03\/Sanitaires_17.jpg 1440w\" sizes=\"auto, (max-width: 1024px) 100vw, 1024px\" \/><\/a>\n\t\t\t<\/div><\/figure><figure class='gallery-item'>\n\t\t\t<div class='gallery-icon landscape'>\n\t\t\t\t<a href='https:\/\/aipecharial.fr\/?attachment_id=3528'><img loading=\"lazy\" decoding=\"async\" width=\"1024\" height=\"768\" src=\"https:\/\/aipecharial.fr\/wp-content\/uploads\/2019\/03\/Sanitaires_18-1024x768.jpg\" class=\"attachment-large size-large\" alt=\"\" srcset=\"https:\/\/aipecharial.fr\/wp-content\/uploads\/2019\/03\/Sanitaires_18-1024x768.jpg 1024w, https:\/\/aipecharial.fr\/wp-content\/uploads\/2019\/03\/Sanitaires_18-300x225.jpg 300w, https:\/\/aipecharial.fr\/wp-content\/uploads\/2019\/03\/Sanitaires_18-768x576.jpg 768w, https:\/\/aipecharial.fr\/wp-content\/uploads\/2019\/03\/Sanitaires_18.jpg 1440w\" sizes=\"auto, (max-width: 1024px) 100vw, 1024px\" \/><\/a>\n\t\t\t<\/div><\/figure><figure class='gallery-item'>\n\t\t\t<div class='gallery-icon landscape'>\n\t\t\t\t<a href='https:\/\/aipecharial.fr\/?attachment_id=3529'><img loading=\"lazy\" decoding=\"async\" width=\"1024\" height=\"768\" src=\"https:\/\/aipecharial.fr\/wp-content\/uploads\/2019\/03\/Sanitaires_19-1024x768.jpg\" class=\"attachment-large size-large\" alt=\"\" srcset=\"https:\/\/aipecharial.fr\/wp-content\/uploads\/2019\/03\/Sanitaires_19-1024x768.jpg 1024w, https:\/\/aipecharial.fr\/wp-content\/uploads\/2019\/03\/Sanitaires_19-300x225.jpg 300w, https:\/\/aipecharial.fr\/wp-content\/uploads\/2019\/03\/Sanitaires_19-768x576.jpg 768w, https:\/\/aipecharial.fr\/wp-content\/uploads\/2019\/03\/Sanitaires_19.jpg 1440w\" sizes=\"auto, (max-width: 1024px) 100vw, 1024px\" \/><\/a>\n\t\t\t<\/div><\/figure><figure class='gallery-item'>\n\t\t\t<div class='gallery-icon landscape'>\n\t\t\t\t<a href='https:\/\/aipecharial.fr\/?attachment_id=3530'><img loading=\"lazy\" decoding=\"async\" width=\"1024\" height=\"768\" src=\"https:\/\/aipecharial.fr\/wp-content\/uploads\/2019\/03\/Sanitaires_20-1024x768.jpg\" class=\"attachment-large size-large\" alt=\"\" srcset=\"https:\/\/aipecharial.fr\/wp-content\/uploads\/2019\/03\/Sanitaires_20-1024x768.jpg 1024w, https:\/\/aipecharial.fr\/wp-content\/uploads\/2019\/03\/Sanitaires_20-300x225.jpg 300w, https:\/\/aipecharial.fr\/wp-content\/uploads\/2019\/03\/Sanitaires_20-768x576.jpg 768w, https:\/\/aipecharial.fr\/wp-content\/uploads\/2019\/03\/Sanitaires_20.jpg 1440w\" sizes=\"auto, (max-width: 1024px) 100vw, 1024px\" \/><\/a>\n\t\t\t<\/div><\/figure><figure class='gallery-item'>\n\t\t\t<div class='gallery-icon landscape'>\n\t\t\t\t<a href='https:\/\/aipecharial.fr\/?attachment_id=3531'><img loading=\"lazy\" decoding=\"async\" width=\"1024\" height=\"768\" src=\"https:\/\/aipecharial.fr\/wp-content\/uploads\/2019\/03\/Sanitaires_21-1024x768.jpg\" class=\"attachment-large size-large\" alt=\"\" srcset=\"https:\/\/aipecharial.fr\/wp-content\/uploads\/2019\/03\/Sanitaires_21-1024x768.jpg 1024w, https:\/\/aipecharial.fr\/wp-content\/uploads\/2019\/03\/Sanitaires_21-300x225.jpg 300w, https:\/\/aipecharial.fr\/wp-content\/uploads\/2019\/03\/Sanitaires_21-768x576.jpg 768w, https:\/\/aipecharial.fr\/wp-content\/uploads\/2019\/03\/Sanitaires_21.jpg 1440w\" sizes=\"auto, (max-width: 1024px) 100vw, 1024px\" \/><\/a>\n\t\t\t<\/div><\/figure><figure class='gallery-item'>\n\t\t\t<div class='gallery-icon landscape'>\n\t\t\t\t<a href='https:\/\/aipecharial.fr\/?attachment_id=3532'><img loading=\"lazy\" decoding=\"async\" width=\"1024\" height=\"768\" src=\"https:\/\/aipecharial.fr\/wp-content\/uploads\/2019\/03\/Sanitaires_22-1024x768.jpg\" class=\"attachment-large size-large\" alt=\"\" srcset=\"https:\/\/aipecharial.fr\/wp-content\/uploads\/2019\/03\/Sanitaires_22-1024x768.jpg 1024w, https:\/\/aipecharial.fr\/wp-content\/uploads\/2019\/03\/Sanitaires_22-300x225.jpg 300w, https:\/\/aipecharial.fr\/wp-content\/uploads\/2019\/03\/Sanitaires_22-768x576.jpg 768w, https:\/\/aipecharial.fr\/wp-content\/uploads\/2019\/03\/Sanitaires_22.jpg 1440w\" sizes=\"auto, (max-width: 1024px) 100vw, 1024px\" \/><\/a>\n\t\t\t<\/div><\/figure><figure class='gallery-item'>\n\t\t\t<div class='gallery-icon landscape'>\n\t\t\t\t<a href='https:\/\/aipecharial.fr\/?attachment_id=3533'><img loading=\"lazy\" decoding=\"async\" width=\"1024\" height=\"768\" src=\"https:\/\/aipecharial.fr\/wp-content\/uploads\/2019\/03\/Sanitaires_23-1024x768.jpg\" class=\"attachment-large size-large\" alt=\"\" srcset=\"https:\/\/aipecharial.fr\/wp-content\/uploads\/2019\/03\/Sanitaires_23-1024x768.jpg 1024w, https:\/\/aipecharial.fr\/wp-content\/uploads\/2019\/03\/Sanitaires_23-300x225.jpg 300w, https:\/\/aipecharial.fr\/wp-content\/uploads\/2019\/03\/Sanitaires_23-768x576.jpg 768w, https:\/\/aipecharial.fr\/wp-content\/uploads\/2019\/03\/Sanitaires_23.jpg 1440w\" sizes=\"auto, (max-width: 1024px) 100vw, 1024px\" \/><\/a>\n\t\t\t<\/div><\/figure><figure class='gallery-item'>\n\t\t\t<div class='gallery-icon landscape'>\n\t\t\t\t<a href='https:\/\/aipecharial.fr\/?attachment_id=3534'><img loading=\"lazy\" decoding=\"async\" width=\"1024\" height=\"768\" src=\"https:\/\/aipecharial.fr\/wp-content\/uploads\/2019\/03\/Sanitaires_24-1024x768.jpg\" class=\"attachment-large size-large\" alt=\"\" srcset=\"https:\/\/aipecharial.fr\/wp-content\/uploads\/2019\/03\/Sanitaires_24-1024x768.jpg 1024w, https:\/\/aipecharial.fr\/wp-content\/uploads\/2019\/03\/Sanitaires_24-300x225.jpg 300w, https:\/\/aipecharial.fr\/wp-content\/uploads\/2019\/03\/Sanitaires_24-768x576.jpg 768w, https:\/\/aipecharial.fr\/wp-content\/uploads\/2019\/03\/Sanitaires_24.jpg 1440w\" sizes=\"auto, (max-width: 1024px) 100vw, 1024px\" \/><\/a>\n\t\t\t<\/div><\/figure>\n\t\t<\/div>\n\n<p>&nbsp;<\/p>\n","protected":false},"excerpt":{"rendered":"<p>F\u00e9vrier 2019 : Suite aux retours r\u00e9currents des \u00e9l\u00e8ves sur le manque d&rsquo;hygi\u00e8ne et les difficult\u00e9s d&rsquo;acc\u00e8s aux sanitaires, depuis de nombreuses ann\u00e9es, nous avons&#8230;<\/p>\n<div class=\"more-link-wrapper\"><a class=\"more-link\" href=\"https:\/\/aipecharial.fr\/?page_id=3509\">Suite<span class=\"screen-reader-text\">Sanitaires de l&rsquo;\u00e9cole \u00e9l\u00e9mentaire<\/span><\/a><\/div>\n","protected":false},"author":9,"featured_media":0,"parent":0,"menu_order":0,"comment_status":"closed","ping_status":"closed","template":"","meta":{"footnotes":""},"class_list":["post-3509","page","type-page","status-publish","hentry","entry"],"_links":{"self":[{"href":"https:\/\/aipecharial.fr\/index.php?rest_route=\/wp\/v2\/pages\/3509","targetHints":{"allow":["GET"]}}],"collection":[{"href":"https:\/\/aipecharial.fr\/index.php?rest_route=\/wp\/v2\/pages"}],"about":[{"href":"https:\/\/aipecharial.fr\/index.php?rest_route=\/wp\/v2\/types\/page"}],"author":[{"embeddable":true,"href":"https:\/\/aipecharial.fr\/index.php?rest_route=\/wp\/v2\/users\/9"}],"replies":[{"embeddable":true,"href":"https:\/\/aipecharial.fr\/index.php?rest_route=%2Fwp%2Fv2%2Fcomments&post=3509"}],"version-history":[{"count":14,"href":"https:\/\/aipecharial.fr\/index.php?rest_route=\/wp\/v2\/pages\/3509\/revisions"}],"predecessor-version":[{"id":3922,"href":"https:\/\/aipecharial.fr\/index.php?rest_route=\/wp\/v2\/pages\/3509\/revisions\/3922"}],"wp:attachment":[{"href":"https:\/\/aipecharial.fr\/index.php?rest_route=%2Fwp%2Fv2%2Fmedia&parent=3509"}],"curies":[{"name":"wp","href":"https:\/\/api.w.org\/{rel}","templated":true}]}}