{"id":3780,"date":"2019-10-08T23:07:33","date_gmt":"2019-10-08T21:07:33","guid":{"rendered":"http:\/\/aipecharial.fr\/?page_id=3780"},"modified":"2025-06-29T11:36:53","modified_gmt":"2025-06-29T09:36:53","slug":"mentions-legales","status":"publish","type":"page","link":"https:\/\/aipecharial.fr\/?page_id=3780","title":{"rendered":"Mentions L\u00e9gales"},"content":{"rendered":"<h2 class=\"western\" align=\"JUSTIFY\"><span style=\"color: #073763;\"><span style=\"font-family: Verdana, sans-serif;\"><span style=\"font-size: medium;\"><b>Qui sommes-nous ?<\/b><\/span><\/span><\/span><\/h2>\n<p align=\"JUSTIFY\"><span style=\"color: #333333;\"><span style=\"font-family: Verdana, sans-serif;\"><span style=\"font-size: small;\">L\u2019adresse de notre site Web est : <a href=\"https:\/\/aipecharial.fr\/\">https:\/\/aipecharial.fr<\/a><\/span><\/span><\/span><\/p>\n<p align=\"LEFT\"><span style=\"color: #575757;\"><span style=\"font-family: Roboto, sans-serif;\"><span style=\"font-size: medium;\"><span style=\"color: #073763;\"><span style=\"font-family: Verdana, sans-serif;\"><span style=\"font-size: small;\"><b>Editeur <\/b><\/span><\/span><\/span><span style=\"font-family: Verdana, sans-serif;\"><span style=\"font-size: small;\">: Directrice de la publication : Madame Violaine Perotto (Pr\u00e9sidente AIPE Charial)<br \/>\nDomicili\u00e9 : \u00e0 69003 Lyon, Ecole A. Charial, 29 rue Antoine Charial<\/span><\/span><br \/>\n<\/span><\/span><\/span><\/p>\n<p align=\"LEFT\"><span style=\"color: #073763;\"><span style=\"font-family: Verdana, sans-serif;\"><span style=\"font-size: small;\"><b>Contact : <\/b><\/span><\/span><\/span><span style=\"font-family: Verdana, sans-serif;\"><span style=\"font-size: small;\"><span style=\"color: #575757;\">Courriel : aipe.contact@aipecharial.fr<\/span><span style=\"color: #575757;\"><br \/>\n<a href=\"https:\/\/aipecharial.fr\/?page_id=26\">Formulaire de contact<\/a><\/span><\/span><\/span><\/p>\n<p align=\"LEFT\"><span style=\"color: #073763;\"><span style=\"font-family: Verdana, sans-serif;\"><span style=\"font-size: small;\"><b>H\u00e9bergement :<\/b><\/span><\/span><\/span><span style=\"color: #575757;\"><span style=\"font-family: Roboto, sans-serif;\"><span style=\"font-size: medium;\"><br \/>\n<\/span><\/span><\/span><span style=\"color: #575757;\"><span style=\"font-family: Verdana, sans-serif;\"><span style=\"font-size: small;\">OVH<br \/>\nRCS Roubaix \u2013 Tourcoing 424 761 419 00045<br \/>\nCode APE 6202A<br \/>\nSi\u00e8ge social : 2 rue Kellermann &#8211; 59100 Roubaix \u2013 France.<\/span><\/span><\/span><\/p>\n<p align=\"JUSTIFY\"><b><span style=\"color: #073763;\"><span style=\"font-family: Verdana, sans-serif;\"><span style=\"font-size: small;\">Collecte, utilisation et transmission des donn\u00e9es personnelles des adh\u00e9rents \u00e0 l&rsquo;association AIPE Charial :<\/span><\/span><\/span> <\/b><\/p>\n<p align=\"JUSTIFY\"><span style=\"font-family: Verdana, sans-serif;\"><span style=\"font-size: small;\">Le site assure au membres de l&rsquo;association AIPE Charial une collecte et un traitement d&rsquo;informations personnelles dans le respect de la vie priv\u00e9e conform\u00e9ment \u00e0 la loi n\u00b078-17 du 6 janvier 1978 relative \u00e0 l&rsquo;informatique, aux fichiers et aux libert\u00e9s, et au <span style=\"color: #333333;\">R\u00e8glement G\u00e9n\u00e9ral sur la Protection des Donn\u00e9es<\/span> du 25 mai 2018.<\/span><\/span><\/p>\n<h3 class=\"western\" align=\"JUSTIFY\"><span style=\"color: #073763;\"><span style=\"font-family: Verdana, sans-serif;\"><span style=\"font-size: medium;\"><b>1 \u2013 Traitement des donn\u00e9es<\/b><\/span><\/span><\/span><\/h3>\n<ul>\n<li>\n<p align=\"JUSTIFY\"><span style=\"color: #424242;\"><span style=\"font-family: Verdana, sans-serif;\"><span style=\"font-size: small;\">finalit\u00e9 du traitement : permettre aux parents d&rsquo;\u00e9l\u00e8ves membres de l&rsquo;association AIPE Charial de contacter les autres membres de l&rsquo;association.<\/span><\/span><\/span><\/p>\n<\/li>\n<li>\n<p align=\"JUSTIFY\"><span style=\"color: #424242;\"><span style=\"font-family: Verdana, sans-serif;\"><span style=\"font-size: small;\">donn\u00e9es personnelles collect\u00e9es : nom, pr\u00e9nom, courriel, num\u00e9ro de t\u00e9l\u00e9phone, \u00e9ventuellement photo<\/span><\/span><\/span><\/p>\n<\/li>\n<li>\n<p align=\"JUSTIFY\"><span style=\"color: #424242;\"><span style=\"font-family: Verdana, sans-serif;\"><span style=\"font-size: small;\">acteurs qui traitent les donn\u00e9es \/ destinataires : uniquement les membres de l&rsquo;association<\/span><\/span><\/span><\/p>\n<\/li>\n<\/ul>\n<h3 class=\"western\" align=\"JUSTIFY\"><span style=\"color: #073763;\"><span style=\"font-family: Verdana, sans-serif;\"><span style=\"font-size: medium;\"><b>2 \u2013 Droits des personnes<\/b><\/span><\/span><\/span><\/h3>\n<ul>\n<li>\n<p align=\"JUSTIFY\"><span style=\"color: #424242;\"><span style=\"font-family: Verdana, sans-serif;\"><span style=\"font-size: small;\">les donn\u00e9es des membres de l&rsquo;association sont collect\u00e9es sur la base du volontariat.<\/span><\/span><\/span><\/p>\n<\/li>\n<li>\n<p align=\"JUSTIFY\"><span style=\"color: #424242;\"><span style=\"font-family: Verdana, sans-serif;\"><span style=\"font-size: small;\">seuls les membres de l&rsquo;association ont acc\u00e8s \u00e0 ces donn\u00e9es.<\/span><\/span><\/span><\/p>\n<\/li>\n<li>\n<p align=\"JUSTIFY\"><span style=\"color: #424242;\"><span style=\"font-family: Verdana, sans-serif;\"><span style=\"font-size: small;\">les membres de l&rsquo;association<\/span><\/span><\/span><span style=\"font-family: Verdana, sans-serif;\"><span style=\"font-size: small;\"> disposent d&rsquo;un droit d&rsquo;acc\u00e8s, de rectification, de suppression et d&rsquo;opposition de leurs donn\u00e9es personnelles. Ils exercent ce droit via le formulaire de contact du site web (<a href=\"https:\/\/aipecharial.fr\/?page_id=26\">formulaire<\/a>)<\/span><\/span><\/p>\n<\/li>\n<\/ul>\n<h3 class=\"western\" align=\"JUSTIFY\"><span style=\"color: #073763;\"><span style=\"font-family: Verdana, sans-serif;\"><span style=\"font-size: medium;\">3 &#8211; Cookies<\/span><\/span><\/span><\/h3>\n<p align=\"JUSTIFY\"><span style=\"font-family: Verdana, sans-serif;\"><span style=\"font-size: small;\">L\u2019Utilisateur est inform\u00e9 que lors de ses visites sur le site, un cookie peut s\u2019installer automatiquement sur son logiciel de navigation. En naviguant sur le site, il les accepte. <\/span><\/span><\/p>\n<h3 class=\"western\" align=\"JUSTIFY\"><span style=\"color: #073763;\"><span style=\"font-family: Verdana, sans-serif;\"><span style=\"font-size: medium;\">4 &#8211; Contenu embarqu\u00e9 depuis d\u2019autres sites<\/span><\/span><\/span><\/h3>\n<p align=\"JUSTIFY\"><span style=\"color: #333333;\"><span style=\"font-family: Verdana, sans-serif;\"><span style=\"font-size: small;\">Les articles de ce site peuvent inclure des contenus int\u00e9gr\u00e9s (par exemple des vid\u00e9os, images, articles\u2026). Le contenu int\u00e9gr\u00e9 depuis d\u2019autres sites se comporte de la m\u00eame mani\u00e8re que si le visiteur se rendait sur cet autre site.<\/span><\/span><\/span><\/p>\n<p align=\"JUSTIFY\"><span style=\"color: #333333;\"><span style=\"font-family: Verdana, sans-serif;\"><span style=\"font-size: small;\">Ces sites web pourraient collecter des donn\u00e9es sur vous, utiliser des cookies, embarquer des outils de suivis tiers, suivre vos interactions avec ces contenus embarqu\u00e9s si vous disposez d\u2019un compte connect\u00e9 sur leur site web.<\/span><\/span><\/span><\/p>\n","protected":false},"excerpt":{"rendered":"<p>Qui sommes-nous ? L\u2019adresse de notre site Web est : https:\/\/aipecharial.fr Editeur : Directrice de la publication : Madame Violaine Perotto (Pr\u00e9sidente AIPE Charial) Domicili\u00e9&#8230;<\/p>\n<div class=\"more-link-wrapper\"><a class=\"more-link\" href=\"https:\/\/aipecharial.fr\/?page_id=3780\">Suite<span class=\"screen-reader-text\">Mentions L\u00e9gales<\/span><\/a><\/div>\n","protected":false},"author":140,"featured_media":0,"parent":0,"menu_order":0,"comment_status":"closed","ping_status":"closed","template":"","meta":{"footnotes":""},"class_list":["post-3780","page","type-page","status-publish","hentry","entry"],"_links":{"self":[{"href":"https:\/\/aipecharial.fr\/index.php?rest_route=\/wp\/v2\/pages\/3780","targetHints":{"allow":["GET"]}}],"collection":[{"href":"https:\/\/aipecharial.fr\/index.php?rest_route=\/wp\/v2\/pages"}],"about":[{"href":"https:\/\/aipecharial.fr\/index.php?rest_route=\/wp\/v2\/types\/page"}],"author":[{"embeddable":true,"href":"https:\/\/aipecharial.fr\/index.php?rest_route=\/wp\/v2\/users\/140"}],"replies":[{"embeddable":true,"href":"https:\/\/aipecharial.fr\/index.php?rest_route=%2Fwp%2Fv2%2Fcomments&post=3780"}],"version-history":[{"count":14,"href":"https:\/\/aipecharial.fr\/index.php?rest_route=\/wp\/v2\/pages\/3780\/revisions"}],"predecessor-version":[{"id":6494,"href":"https:\/\/aipecharial.fr\/index.php?rest_route=\/wp\/v2\/pages\/3780\/revisions\/6494"}],"wp:attachment":[{"href":"https:\/\/aipecharial.fr\/index.php?rest_route=%2Fwp%2Fv2%2Fmedia&parent=3780"}],"curies":[{"name":"wp","href":"https:\/\/api.w.org\/{rel}","templated":true}]}}