{"id":4593,"date":"2021-02-21T17:40:10","date_gmt":"2021-02-21T16:40:10","guid":{"rendered":"https:\/\/aipecharial.fr\/?page_id=4593"},"modified":"2021-02-22T00:06:05","modified_gmt":"2021-02-21T23:06:05","slug":"vente-de-fromages-et-de-miel-du-jura","status":"publish","type":"page","link":"https:\/\/aipecharial.fr\/?page_id=4593","title":{"rendered":"Vente de Fromages et de Miel du Jura (mars 2021)"},"content":{"rendered":"<p>Comme l\u2019ann\u00e9e derni\u00e8re, nous vous proposons <strong><span style=\"color: #ff9900;\">une vente de fromages et de miel<\/span><\/strong>\u00a0pour soutenir la r\u00e9alisation d\u2019une <span style=\"color: #0697cc;\">fresque murale\u00a0dans la cour de l\u2019\u00e9cole \u00e9l\u00e9mentaire<\/span>.<\/p>\n<p>Cette ann\u00e9e, nous avons s\u00e9lectionn\u00e9 la soci\u00e9t\u00e9 <span style=\"color: #ff9900;\"><strong>Comt\u00e9 Monts Jura<\/strong><\/span>, qui assure la vente des meilleurs fromages du Jura. Tous les d\u00e9tails sur\u00a0<a href=\"http:\/\/www.comte-monts-jura.com\" target=\"_blank\" rel=\"noopener noreferrer\">www.comte-monts-jura.com<\/a><\/p>\n<p>Nous vous proposons :<\/p>\n<ul>\n<li>2 <strong><span style=\"color: #ff9900;\">comt\u00e9s AOP<\/span><\/strong> (fromage au lait cru, \u00e0 p\u00e2te cuite), au go\u00fbt fruit\u00e9. Le <span style=\"color: #ff9900;\">Comt\u00e9 Juraflore biologique<\/span>, plut\u00f4t doux. Le <span style=\"color: #ff9900;\">Comt\u00e9 Juraflore Fort des Rousses<\/span>, plus affirm\u00e9, affin\u00e9 15 mois minimum dans les caves du Fort des Rousses.<\/li>\n<li>du <strong><span style=\"color: #ff9900;\">morbier AOP<\/span> <\/strong>(fromage au lait cru, \u00e0 p\u00e2te non cuite), reconnaissable \u00e0 sa raie noire au milieu. Un go\u00fbt de caract\u00e8re \u00e0 la l\u00e9g\u00e8re saveur de cr\u00e8me, doux, fruit\u00e9 et onctueux.<\/li>\n<li>du <strong><span style=\"color: #ff9900;\">Bleu de Gex<\/span><\/strong> ou bleu du Haut-Jura (fromage au lait cru, \u00e0 p\u00e2te non cuite). Sa p\u00e2te tachet\u00e9e de veinures bleu-vert d\u00e9gage\u00a0une saveur caract\u00e9ristique de noix. Il peut s&rsquo;utiliser en raclette.<\/li>\n<li>du <strong><span style=\"color: #ff9900;\">Bon Grivois<\/span><\/strong> ou du Cacouyard son cousin, fromage doux et onctueux \u00e0 l&rsquo;ar\u00f4me de noix. Proche du Reblochon savoyard.<\/li>\n<li>de la <strong><span style=\"color: #ff9900;\">Cancoillotte \u00e0 l&rsquo;ail<\/span><\/strong>, sp\u00e9cialit\u00e9 franc-comtoise naturellement l\u00e9g\u00e8re en mati\u00e8res grasses. Tr\u00e8s go\u00fbteux, ce fromage peut \u00eatre consomm\u00e9 froid en tartine ou chaud dans de nombreuses recettes (croque-monsieur, pommes de terre, saucisse de Morteau &#8230;).<\/li>\n<\/ul>\n<p>ainsi que<\/p>\n<ul>\n<li>du <strong><span style=\"color: #ff9900;\">Beaufort AOP<\/span><\/strong> (fromage au lait cru, \u00e0 p\u00e2te cuite), fromage savoyard fruit\u00e9 et onctueux,<\/li>\n<li>de la <strong><span style=\"color: #ff9900;\">Raclette au lait cru<\/span><\/strong> (fromage au lait cru, \u00e0 p\u00e2te non cuite), fabriqu\u00e9e dans le massif jurassien. A consommer dans les 15 jours<\/li>\n<\/ul>\n<p>et \u00e9galement<\/p>\n<ul>\n<li>du <span style=\"color: #ff9900;\"><strong>Miel de montagne du Jura<\/strong><\/span>,\u00a0<span style=\"font-size: 1em;\">r\u00e9colt\u00e9 \u00e0 une altitude de 600 \u00e0 800 m, tr\u00e8s color\u00e9 et tr\u00e8s parfum\u00e9,<\/span><\/li>\n<li>de la <strong><span style=\"color: #ff9900;\">Saucisse au Comt\u00e9<\/span><\/strong>, saucisse de Morteau additionn\u00e9e de Comt\u00e9,\u00a0fum\u00e9e de mani\u00e8re naturelle au bois et \u00e0 la sciure de r\u00e9sineux (\u00e9pic\u00e9a, sapin et g\u00e9n\u00e9vrier).<\/li>\n<\/ul>\n<p>Vous trouverez le bon de commande dans le cartable de vos enfants ou ici :\u00a0<span style=\"color: #0697cc;\"><a href=\"https:\/\/aipecharial.fr\/wp-content\/uploads\/2021\/02\/Bon-de-commande_Fromages_2021.pdf\" target=\"_blank\" rel=\"noopener noreferrer\">Bon de commande_Fromages_2021<\/a><\/span>.<\/p>\n<p>Attention, le d\u00e9lai de commande est court : <strong><span style=\"color: #0697cc;\">mardi 2 mars 2021<\/span><\/strong><span style=\"color: #000000;\">, au plus tard.<\/span><\/p>\n<p>La livraison aura lieu <span style=\"color: #0697cc;\">le samedi 13 mars, de 14h \u00e0 16h, devant l&rsquo;\u00e9cole maternelle<\/span>.<\/p>\n<p>En vous souhaitant une bonne d\u00e9gustation,<\/p>\n","protected":false},"excerpt":{"rendered":"<p>Comme l\u2019ann\u00e9e derni\u00e8re, nous vous proposons une vente de fromages et de miel\u00a0pour soutenir la r\u00e9alisation d\u2019une fresque murale\u00a0dans la cour de l\u2019\u00e9cole \u00e9l\u00e9mentaire. Cette&#8230;<\/p>\n<div class=\"more-link-wrapper\"><a class=\"more-link\" href=\"https:\/\/aipecharial.fr\/?page_id=4593\">Suite<span class=\"screen-reader-text\">Vente de Fromages et de Miel du Jura (mars 2021)<\/span><\/a><\/div>\n","protected":false},"author":9,"featured_media":0,"parent":0,"menu_order":0,"comment_status":"closed","ping_status":"closed","template":"","meta":{"footnotes":""},"class_list":["post-4593","page","type-page","status-publish","hentry","entry"],"_links":{"self":[{"href":"https:\/\/aipecharial.fr\/index.php?rest_route=\/wp\/v2\/pages\/4593","targetHints":{"allow":["GET"]}}],"collection":[{"href":"https:\/\/aipecharial.fr\/index.php?rest_route=\/wp\/v2\/pages"}],"about":[{"href":"https:\/\/aipecharial.fr\/index.php?rest_route=\/wp\/v2\/types\/page"}],"author":[{"embeddable":true,"href":"https:\/\/aipecharial.fr\/index.php?rest_route=\/wp\/v2\/users\/9"}],"replies":[{"embeddable":true,"href":"https:\/\/aipecharial.fr\/index.php?rest_route=%2Fwp%2Fv2%2Fcomments&post=4593"}],"version-history":[{"count":4,"href":"https:\/\/aipecharial.fr\/index.php?rest_route=\/wp\/v2\/pages\/4593\/revisions"}],"predecessor-version":[{"id":4606,"href":"https:\/\/aipecharial.fr\/index.php?rest_route=\/wp\/v2\/pages\/4593\/revisions\/4606"}],"wp:attachment":[{"href":"https:\/\/aipecharial.fr\/index.php?rest_route=%2Fwp%2Fv2%2Fmedia&parent=4593"}],"curies":[{"name":"wp","href":"https:\/\/api.w.org\/{rel}","templated":true}]}}